{"id":3066,"date":"2024-09-10T23:24:45","date_gmt":"2024-09-10T23:24:45","guid":{"rendered":"https:\/\/dev-render.teoria.agency\/ecm\/"},"modified":"2024-09-12T08:49:29","modified_gmt":"2024-09-12T08:49:29","slug":"ecm","status":"publish","type":"page","link":"https:\/\/renderme.pt\/fr\/ecm\/","title":{"rendered":"ECM"},"content":{"rendered":"\t\t<div data-elementor-type=\"wp-page\" data-elementor-id=\"3066\" class=\"elementor elementor-3066 elementor-2633\" data-elementor-post-type=\"page\">\n\t\t\t\t<div class=\"elementor-element elementor-element-bd82822 e-flex e-con-boxed e-con e-parent\" data-id=\"bd82822\" data-element_type=\"container\">\n\t\t\t\t\t<div class=\"e-con-inner\">\n\t\t<div class=\"elementor-element elementor-element-0d5bf04 e-con-full e-flex e-con e-child\" data-id=\"0d5bf04\" data-element_type=\"container\">\n\t\t<div class=\"elementor-element elementor-element-b903198 e-flex e-con-boxed e-con e-child\" data-id=\"b903198\" data-element_type=\"container\">\n\t\t\t\t\t<div class=\"e-con-inner\">\n\t\t\t\t<div class=\"elementor-element elementor-element-f07ff43 elementor-widget elementor-widget-heading\" data-id=\"f07ff43\" data-element_type=\"widget\" data-widget_type=\"heading.default\">\n\t\t\t\t<div class=\"elementor-widget-container\">\n\t\t\t<h2 class=\"elementor-heading-title elementor-size-default\">PROJET<\/h2>\t\t<\/div>\n\t\t\t\t<\/div>\n\t\t\t\t<div class=\"elementor-element elementor-element-57963b7 elementor-widget elementor-widget-text-editor\" data-id=\"57963b7\" data-element_type=\"widget\" data-widget_type=\"text-editor.default\">\n\t\t\t\t<div class=\"elementor-widget-container\">\n\t\t\t\t\t\t\t<p>B\u00e2timent multifamilial<\/p>\n\t\t\t\t\t\t<\/div>\n\t\t\t\t<\/div>\n\t\t\t\t<div class=\"elementor-element elementor-element-7f41618 elementor-widget elementor-widget-heading\" data-id=\"7f41618\" data-element_type=\"widget\" data-widget_type=\"heading.default\">\n\t\t\t\t<div class=\"elementor-widget-container\">\n\t\t\t<h2 class=\"elementor-heading-title elementor-size-default\">SERVICE<\/h2>\t\t<\/div>\n\t\t\t\t<\/div>\n\t\t\t\t<div class=\"elementor-element elementor-element-8a7151a elementor-widget elementor-widget-text-editor\" data-id=\"8a7151a\" data-element_type=\"widget\" data-widget_type=\"text-editor.default\">\n\t\t\t\t<div class=\"elementor-widget-container\">\n\t\t\t\t\t\t\t<p>Images en 3D<\/p>\n\t\t\t\t\t\t<\/div>\n\t\t\t\t<\/div>\n\t\t\t\t<div class=\"elementor-element elementor-element-d52911b elementor-widget elementor-widget-heading\" data-id=\"d52911b\" data-element_type=\"widget\" data-widget_type=\"heading.default\">\n\t\t\t\t<div class=\"elementor-widget-container\">\n\t\t\t<h2 class=\"elementor-heading-title elementor-size-default\">LIEU \/ ANN\u00c9E<\/h2>\t\t<\/div>\n\t\t\t\t<\/div>\n\t\t\t\t<div class=\"elementor-element elementor-element-08f1427 elementor-widget elementor-widget-text-editor\" data-id=\"08f1427\" data-element_type=\"widget\" data-widget_type=\"text-editor.default\">\n\t\t\t\t<div class=\"elementor-widget-container\">\n\t\t\t\t\t\t\t<p>Amarante, Portugal, 2023<\/p>\n\t\t\t\t\t\t<\/div>\n\t\t\t\t<\/div>\n\t\t\t\t\t<\/div>\n\t\t\t\t<\/div>\n\t\t\t\t<\/div>\n\t\t<div class=\"elementor-element elementor-element-d4d9217 e-con-full e-flex e-con e-child\" data-id=\"d4d9217\" data-element_type=\"container\">\n\t\t<div class=\"elementor-element elementor-element-afd9908 e-flex e-con-boxed e-con e-child\" data-id=\"afd9908\" data-element_type=\"container\">\n\t\t\t\t\t<div class=\"e-con-inner\">\n\t\t\t\t<div class=\"elementor-element elementor-element-d3fa1e7 elementor-widget elementor-widget-heading\" data-id=\"d3fa1e7\" data-element_type=\"widget\" data-widget_type=\"heading.default\">\n\t\t\t\t<div class=\"elementor-widget-container\">\n\t\t\t<h2 class=\"elementor-heading-title elementor-size-default\">ARCHITECTURE<\/h2>\t\t<\/div>\n\t\t\t\t<\/div>\n\t\t\t\t<div class=\"elementor-element elementor-element-1a4ef6c elementor-widget elementor-widget-text-editor\" data-id=\"1a4ef6c\" data-element_type=\"widget\" data-widget_type=\"text-editor.default\">\n\t\t\t\t<div class=\"elementor-widget-container\">\n\t\t\t\t\t\t\t<p>Th\u00f3los Architecture<\/p>\n\t\t\t\t\t\t<\/div>\n\t\t\t\t<\/div>\n\t\t\t\t<div class=\"elementor-element elementor-element-874c830 elementor-widget elementor-widget-heading\" data-id=\"874c830\" data-element_type=\"widget\" data-widget_type=\"heading.default\">\n\t\t\t\t<div class=\"elementor-widget-container\">\n\t\t\t<h2 class=\"elementor-heading-title elementor-size-default\">ARCHITECTURE<\/h2>\t\t<\/div>\n\t\t\t\t<\/div>\n\t\t\t\t<div class=\"elementor-element elementor-element-776cfa8 elementor-widget elementor-widget-text-editor\" data-id=\"776cfa8\" data-element_type=\"widget\" data-widget_type=\"text-editor.default\">\n\t\t\t\t<div class=\"elementor-widget-container\">\n\t\t\t\t\t\t\t<p>E.C.M. &#8211; Ing\u00e9nierie et construction<\/p>\n\t\t\t\t\t\t<\/div>\n\t\t\t\t<\/div>\n\t\t\t\t\t<\/div>\n\t\t\t\t<\/div>\n\t\t\t\t<\/div>\n\t\t<div class=\"elementor-element elementor-element-9e7583b e-con-full elementor-hidden-tablet elementor-hidden-mobile e-flex e-con e-child\" data-id=\"9e7583b\" data-element_type=\"container\">\n\t\t\t\t<\/div>\n\t\t<div class=\"elementor-element elementor-element-831fbea e-con-full elementor-hidden-tablet elementor-hidden-mobile e-flex e-con e-child\" data-id=\"831fbea\" data-element_type=\"container\">\n\t\t\t\t<\/div>\n\t\t\t\t\t<\/div>\n\t\t\t\t<\/div>\n\t\t<div class=\"elementor-element elementor-element-5d03683 e-con-full e-flex e-con e-parent\" data-id=\"5d03683\" data-element_type=\"container\" data-settings=\"{&quot;background_background&quot;:&quot;video&quot;,&quot;background_video_link&quot;:&quot;https:\\\/\\\/vimeo.com\\\/996125603?share=copy#t=0&quot;,&quot;background_play_on_mobile&quot;:&quot;yes&quot;}\">\n\t\t<div class=\"elementor-background-video-container\">\n\t\t\t\t\t\t\t<div class=\"elementor-background-video-embed\"><\/div>\n\t\t\t\t\t\t<\/div>\t\t<\/div>\n\t\t<div class=\"elementor-element elementor-element-b18e471 e-con-full e-flex e-con e-parent\" data-id=\"b18e471\" data-element_type=\"container\">\n\t\t\t\t<div class=\"elementor-element elementor-element-97db7ea elementor-widget elementor-widget-heading\" data-id=\"97db7ea\" data-element_type=\"widget\" data-widget_type=\"heading.default\">\n\t\t\t\t<div class=\"elementor-widget-container\">\n\t\t\t<h2 class=\"elementor-heading-title elementor-size-default\">Notre mission<\/h2>\t\t<\/div>\n\t\t\t\t<\/div>\n\t\t\t\t<div class=\"elementor-element elementor-element-77c9c9e elementor-widget elementor-widget-text-editor\" data-id=\"77c9c9e\" data-element_type=\"widget\" data-widget_type=\"text-editor.default\">\n\t\t\t\t<div class=\"elementor-widget-container\">\n\t\t\t\t\t\t\t<p>Dans le d\u00e9veloppement du projet pour un immeuble r\u00e9sidentiel \u00e0 Amarante, au Portugal, nous avons cherch\u00e9 \u00e0 combiner des \u00e9l\u00e9ments contemporains avec la sensibilit\u00e9 locale, aboutissant \u00e0 une fa\u00e7ade qui exprime \u00e0 la fois \u00e9l\u00e9gance et int\u00e9gration avec l\u2019environnement. Nous avons opt\u00e9 pour une palette de couleurs incluant une douce teinte saumon pour la fa\u00e7ade, compl\u00e9t\u00e9e par le contraste saisissant du noir pour les grilles, les garde-corps et les encadrements de fen\u00eatres. Une touche de vert est apport\u00e9e aux balcons, o\u00f9 des plantes luxuriantes recouvrent partiellement les garde-corps, ajoutant non seulement un \u00e9l\u00e9ment esth\u00e9tique, mais aussi un lien avec la nature environnante. Ce concept vise non seulement \u00e0 cr\u00e9er un espace r\u00e9sidentiel fonctionnel, mais aussi \u00e0 offrir un environnement qui inspire et encourage un style de vie harmonieux pour ses habitants.   <\/p>\n\t\t\t\t\t\t<\/div>\n\t\t\t\t<\/div>\n\t\t\t\t<\/div>\n\t\t<div class=\"elementor-element elementor-element-4d9dfa6 e-con-full e-flex e-con e-parent\" data-id=\"4d9dfa6\" data-element_type=\"container\">\n\t\t\t\t<div class=\"elementor-element elementor-element-f4c057e elementor-widget elementor-widget-image\" data-id=\"f4c057e\" data-element_type=\"widget\" data-widget_type=\"image.default\">\n\t\t\t\t<div class=\"elementor-widget-container\">\n\t\t\t\t\t\t\t\t\t\t\t\t\t<img fetchpriority=\"high\" decoding=\"async\" width=\"2560\" height=\"1440\" src=\"https:\/\/renderme.pt\/wp-content\/uploads\/2024\/09\/FACHADA01-scaled.jpg\" class=\"attachment-full size-full wp-image-2545\" alt=\"\" srcset=\"https:\/\/renderme.pt\/wp-content\/uploads\/2024\/09\/FACHADA01-scaled.jpg 2560w, https:\/\/renderme.pt\/wp-content\/uploads\/2024\/09\/FACHADA01-300x169.jpg 300w, https:\/\/renderme.pt\/wp-content\/uploads\/2024\/09\/FACHADA01-1024x576.jpg 1024w, https:\/\/renderme.pt\/wp-content\/uploads\/2024\/09\/FACHADA01-768x432.jpg 768w, https:\/\/renderme.pt\/wp-content\/uploads\/2024\/09\/FACHADA01-1536x864.jpg 1536w, https:\/\/renderme.pt\/wp-content\/uploads\/2024\/09\/FACHADA01-2048x1152.jpg 2048w\" sizes=\"(max-width: 2560px) 100vw, 2560px\" \/>\t\t\t\t\t\t\t\t\t\t\t\t\t<\/div>\n\t\t\t\t<\/div>\n\t\t\t\t<div class=\"elementor-element elementor-element-ca335f3 elementor-widget elementor-widget-image\" data-id=\"ca335f3\" data-element_type=\"widget\" data-widget_type=\"image.default\">\n\t\t\t\t<div class=\"elementor-widget-container\">\n\t\t\t\t\t\t\t\t\t\t\t\t\t<img decoding=\"async\" width=\"2048\" height=\"2560\" src=\"https:\/\/renderme.pt\/wp-content\/uploads\/2024\/09\/FACHADA02-scaled.jpg\" class=\"attachment-full size-full wp-image-2641\" alt=\"\" srcset=\"https:\/\/renderme.pt\/wp-content\/uploads\/2024\/09\/FACHADA02-scaled.jpg 2048w, https:\/\/renderme.pt\/wp-content\/uploads\/2024\/09\/FACHADA02-240x300.jpg 240w, https:\/\/renderme.pt\/wp-content\/uploads\/2024\/09\/FACHADA02-819x1024.jpg 819w, https:\/\/renderme.pt\/wp-content\/uploads\/2024\/09\/FACHADA02-768x960.jpg 768w, https:\/\/renderme.pt\/wp-content\/uploads\/2024\/09\/FACHADA02-1229x1536.jpg 1229w, https:\/\/renderme.pt\/wp-content\/uploads\/2024\/09\/FACHADA02-1638x2048.jpg 1638w\" sizes=\"(max-width: 2048px) 100vw, 2048px\" \/>\t\t\t\t\t\t\t\t\t\t\t\t\t<\/div>\n\t\t\t\t<\/div>\n\t\t\t\t<div class=\"elementor-element elementor-element-9f69062 elementor-widget elementor-widget-image\" data-id=\"9f69062\" data-element_type=\"widget\" data-widget_type=\"image.default\">\n\t\t\t\t<div class=\"elementor-widget-container\">\n\t\t\t\t\t\t\t\t\t\t\t\t\t<img decoding=\"async\" width=\"3000\" height=\"1688\" src=\"https:\/\/renderme.pt\/wp-content\/uploads\/2024\/09\/SALA01.png\" class=\"attachment-full size-full wp-image-2635\" alt=\"\" srcset=\"https:\/\/renderme.pt\/wp-content\/uploads\/2024\/09\/SALA01.png 3000w, https:\/\/renderme.pt\/wp-content\/uploads\/2024\/09\/SALA01-300x169.png 300w, https:\/\/renderme.pt\/wp-content\/uploads\/2024\/09\/SALA01-1024x576.png 1024w, https:\/\/renderme.pt\/wp-content\/uploads\/2024\/09\/SALA01-768x432.png 768w, https:\/\/renderme.pt\/wp-content\/uploads\/2024\/09\/SALA01-1536x864.png 1536w, https:\/\/renderme.pt\/wp-content\/uploads\/2024\/09\/SALA01-2048x1152.png 2048w\" sizes=\"(max-width: 3000px) 100vw, 3000px\" \/>\t\t\t\t\t\t\t\t\t\t\t\t\t<\/div>\n\t\t\t\t<\/div>\n\t\t\t\t<div class=\"elementor-element elementor-element-7a9e4a3 elementor-widget elementor-widget-image\" data-id=\"7a9e4a3\" data-element_type=\"widget\" data-widget_type=\"image.default\">\n\t\t\t\t<div class=\"elementor-widget-container\">\n\t\t\t\t\t\t\t\t\t\t\t\t\t<img loading=\"lazy\" decoding=\"async\" width=\"2048\" height=\"2560\" src=\"https:\/\/renderme.pt\/wp-content\/uploads\/2024\/09\/FACHADA03-scaled.jpg\" class=\"attachment-full size-full wp-image-2640\" alt=\"\" srcset=\"https:\/\/renderme.pt\/wp-content\/uploads\/2024\/09\/FACHADA03-scaled.jpg 2048w, https:\/\/renderme.pt\/wp-content\/uploads\/2024\/09\/FACHADA03-240x300.jpg 240w, https:\/\/renderme.pt\/wp-content\/uploads\/2024\/09\/FACHADA03-819x1024.jpg 819w, https:\/\/renderme.pt\/wp-content\/uploads\/2024\/09\/FACHADA03-768x960.jpg 768w, https:\/\/renderme.pt\/wp-content\/uploads\/2024\/09\/FACHADA03-1229x1536.jpg 1229w, https:\/\/renderme.pt\/wp-content\/uploads\/2024\/09\/FACHADA03-1638x2048.jpg 1638w\" sizes=\"(max-width: 2048px) 100vw, 2048px\" \/>\t\t\t\t\t\t\t\t\t\t\t\t\t<\/div>\n\t\t\t\t<\/div>\n\t\t\t\t<\/div>\n\t\t<div class=\"elementor-element elementor-element-afe5ed3 e-flex e-con-boxed e-con e-parent\" data-id=\"afe5ed3\" data-element_type=\"container\">\n\t\t\t\t\t<div class=\"e-con-inner\">\n\t\t<div class=\"elementor-element elementor-element-af97e78 e-con-full e-flex e-con e-child\" data-id=\"af97e78\" data-element_type=\"container\">\n\t\t\t\t<div class=\"elementor-element elementor-element-4698b96 elementor-widget elementor-widget-image\" data-id=\"4698b96\" data-element_type=\"widget\" data-widget_type=\"image.default\">\n\t\t\t\t<div class=\"elementor-widget-container\">\n\t\t\t\t\t\t\t\t\t\t\t\t\t<img loading=\"lazy\" decoding=\"async\" width=\"800\" height=\"1000\" src=\"https:\/\/renderme.pt\/wp-content\/uploads\/2024\/09\/SALA0-detalhe-819x1024.png\" class=\"attachment-large size-large wp-image-2636\" alt=\"\" srcset=\"https:\/\/renderme.pt\/wp-content\/uploads\/2024\/09\/SALA0-detalhe-819x1024.png 819w, https:\/\/renderme.pt\/wp-content\/uploads\/2024\/09\/SALA0-detalhe-240x300.png 240w, https:\/\/renderme.pt\/wp-content\/uploads\/2024\/09\/SALA0-detalhe-768x960.png 768w, https:\/\/renderme.pt\/wp-content\/uploads\/2024\/09\/SALA0-detalhe-1229x1536.png 1229w, https:\/\/renderme.pt\/wp-content\/uploads\/2024\/09\/SALA0-detalhe-1638x2048.png 1638w, https:\/\/renderme.pt\/wp-content\/uploads\/2024\/09\/SALA0-detalhe.png 2000w\" sizes=\"(max-width: 800px) 100vw, 800px\" \/>\t\t\t\t\t\t\t\t\t\t\t\t\t<\/div>\n\t\t\t\t<\/div>\n\t\t\t\t<\/div>\n\t\t<div class=\"elementor-element elementor-element-410ad68 e-con-full e-flex e-con e-child\" data-id=\"410ad68\" data-element_type=\"container\">\n\t\t\t\t<div class=\"elementor-element elementor-element-a971c11 elementor-widget elementor-widget-image\" data-id=\"a971c11\" data-element_type=\"widget\" data-widget_type=\"image.default\">\n\t\t\t\t<div class=\"elementor-widget-container\">\n\t\t\t\t\t\t\t\t\t\t\t\t\t<img loading=\"lazy\" decoding=\"async\" width=\"782\" height=\"978\" src=\"https:\/\/renderme.pt\/wp-content\/uploads\/2024\/09\/cozinha2.png\" class=\"attachment-large size-large wp-image-2643\" alt=\"\" srcset=\"https:\/\/renderme.pt\/wp-content\/uploads\/2024\/09\/cozinha2.png 782w, https:\/\/renderme.pt\/wp-content\/uploads\/2024\/09\/cozinha2-240x300.png 240w, https:\/\/renderme.pt\/wp-content\/uploads\/2024\/09\/cozinha2-768x960.png 768w\" sizes=\"(max-width: 782px) 100vw, 782px\" \/>\t\t\t\t\t\t\t\t\t\t\t\t\t<\/div>\n\t\t\t\t<\/div>\n\t\t\t\t<\/div>\n\t\t<div class=\"elementor-element elementor-element-ffd2e02 e-con-full e-flex e-con e-child\" data-id=\"ffd2e02\" data-element_type=\"container\">\n\t\t\t\t<div class=\"elementor-element elementor-element-b7363f3 elementor-widget elementor-widget-image\" data-id=\"b7363f3\" data-element_type=\"widget\" data-widget_type=\"image.default\">\n\t\t\t\t<div class=\"elementor-widget-container\">\n\t\t\t\t\t\t\t\t\t\t\t\t\t<img loading=\"lazy\" decoding=\"async\" width=\"782\" height=\"978\" src=\"https:\/\/renderme.pt\/wp-content\/uploads\/2024\/09\/banho01.png\" class=\"attachment-large size-large wp-image-2645\" alt=\"\" srcset=\"https:\/\/renderme.pt\/wp-content\/uploads\/2024\/09\/banho01.png 782w, https:\/\/renderme.pt\/wp-content\/uploads\/2024\/09\/banho01-240x300.png 240w, https:\/\/renderme.pt\/wp-content\/uploads\/2024\/09\/banho01-768x960.png 768w\" sizes=\"(max-width: 782px) 100vw, 782px\" \/>\t\t\t\t\t\t\t\t\t\t\t\t\t<\/div>\n\t\t\t\t<\/div>\n\t\t\t\t<\/div>\n\t\t<div class=\"elementor-element elementor-element-1c66f34 e-con-full e-flex e-con e-child\" data-id=\"1c66f34\" data-element_type=\"container\">\n\t\t\t\t<div class=\"elementor-element elementor-element-a960612 elementor-widget elementor-widget-image\" data-id=\"a960612\" data-element_type=\"widget\" data-widget_type=\"image.default\">\n\t\t\t\t<div class=\"elementor-widget-container\">\n\t\t\t\t\t\t\t\t\t\t\t\t\t<img loading=\"lazy\" decoding=\"async\" width=\"782\" height=\"978\" src=\"https:\/\/renderme.pt\/wp-content\/uploads\/2024\/09\/cozinha.png\" class=\"attachment-large size-large wp-image-2644\" alt=\"\" srcset=\"https:\/\/renderme.pt\/wp-content\/uploads\/2024\/09\/cozinha.png 782w, https:\/\/renderme.pt\/wp-content\/uploads\/2024\/09\/cozinha-240x300.png 240w, https:\/\/renderme.pt\/wp-content\/uploads\/2024\/09\/cozinha-768x960.png 768w\" sizes=\"(max-width: 782px) 100vw, 782px\" \/>\t\t\t\t\t\t\t\t\t\t\t\t\t<\/div>\n\t\t\t\t<\/div>\n\t\t\t\t<\/div>\n\t\t\t\t\t<\/div>\n\t\t\t\t<\/div>\n\t\t\t\t<\/div>\n\t\t","protected":false},"excerpt":{"rendered":"<p>PROJET B\u00e2timent multifamilial SERVICE Images en 3D LIEU \/ ANN\u00c9E Amarante, Portugal, 2023 ARCHITECTURE Th\u00f3los Architecture ARCHITECTURE E.C.M. &#8211; Ing\u00e9nierie et construction Notre mission Dans le d\u00e9veloppement du projet pour un immeuble r\u00e9sidentiel \u00e0 Amarante, au Portugal, nous avons cherch\u00e9 \u00e0 combiner des \u00e9l\u00e9ments contemporains avec la sensibilit\u00e9 locale, aboutissant \u00e0 une fa\u00e7ade qui exprime [&hellip;]<\/p>\n","protected":false},"author":1,"featured_media":0,"parent":0,"menu_order":0,"comment_status":"closed","ping_status":"closed","template":"","meta":{"footnotes":""},"class_list":["post-3066","page","type-page","status-publish","hentry"],"_links":{"self":[{"href":"https:\/\/renderme.pt\/fr\/wp-json\/wp\/v2\/pages\/3066","targetHints":{"allow":["GET"]}}],"collection":[{"href":"https:\/\/renderme.pt\/fr\/wp-json\/wp\/v2\/pages"}],"about":[{"href":"https:\/\/renderme.pt\/fr\/wp-json\/wp\/v2\/types\/page"}],"author":[{"embeddable":true,"href":"https:\/\/renderme.pt\/fr\/wp-json\/wp\/v2\/users\/1"}],"replies":[{"embeddable":true,"href":"https:\/\/renderme.pt\/fr\/wp-json\/wp\/v2\/comments?post=3066"}],"version-history":[{"count":5,"href":"https:\/\/renderme.pt\/fr\/wp-json\/wp\/v2\/pages\/3066\/revisions"}],"predecessor-version":[{"id":3262,"href":"https:\/\/renderme.pt\/fr\/wp-json\/wp\/v2\/pages\/3066\/revisions\/3262"}],"wp:attachment":[{"href":"https:\/\/renderme.pt\/fr\/wp-json\/wp\/v2\/media?parent=3066"}],"curies":[{"name":"wp","href":"https:\/\/api.w.org\/{rel}","templated":true}]}}