{"id":3060,"date":"2024-07-09T23:16:35","date_gmt":"2024-07-09T23:16:35","guid":{"rendered":"https:\/\/dev-render.teoria.agency\/pt\/a-propos-de-nous\/"},"modified":"2025-02-18T17:59:00","modified_gmt":"2025-02-18T17:59:00","slug":"a-propos-de-nous","status":"publish","type":"page","link":"https:\/\/renderme.pt\/fr\/a-propos-de-nous\/","title":{"rendered":"A propos de nous"},"content":{"rendered":"\t\t<div data-elementor-type=\"wp-page\" data-elementor-id=\"3060\" class=\"elementor elementor-3060 elementor-2508\" data-elementor-post-type=\"page\">\n\t\t\t\t<div class=\"elementor-element elementor-element-97ecef1 e-con-full e-flex e-con e-parent\" data-id=\"97ecef1\" data-element_type=\"container\" data-settings=\"{&quot;background_background&quot;:&quot;video&quot;,&quot;background_video_link&quot;:&quot;https:\\\/\\\/vimeo.com\\\/996130805?share=copy#t=0&quot;,&quot;background_play_on_mobile&quot;:&quot;yes&quot;,&quot;background_privacy_mode&quot;:&quot;yes&quot;}\">\n\t\t<div class=\"elementor-background-video-container\">\n\t\t\t\t\t\t\t<div class=\"elementor-background-video-embed\"><\/div>\n\t\t\t\t\t\t<\/div>\t\t<div class=\"elementor-element elementor-element-53872e9 elementor-position-left titulo elementor-mobile-position-left elementor-view-default elementor-vertical-align-top elementor-widget elementor-widget-icon-box\" data-id=\"53872e9\" data-element_type=\"widget\" data-widget_type=\"icon-box.default\">\n\t\t\t\t<div class=\"elementor-widget-container\">\n\t\t\t\t\t<div class=\"elementor-icon-box-wrapper\">\n\n\t\t\t\t\t\t<div class=\"elementor-icon-box-icon\">\n\t\t\t\t<span  class=\"elementor-icon elementor-animation-\">\n\t\t\t\t<svg aria-hidden=\"true\" class=\"e-font-icon-svg e-fas-square-full\" viewBox=\"0 0 512 512\" xmlns=\"http:\/\/www.w3.org\/2000\/svg\"><path d=\"M512 512H0V0h512v512z\"><\/path><\/svg>\t\t\t\t<\/span>\n\t\t\t<\/div>\n\t\t\t\n\t\t\t\t\t\t<div class=\"elementor-icon-box-content\">\n\n\t\t\t\t\t\t\t\t\t<h3 class=\"elementor-icon-box-title\">\n\t\t\t\t\t\t<span  >\n\t\t\t\t\t\t\tA propos de nous\t\t\t\t\t\t<\/span>\n\t\t\t\t\t<\/h3>\n\t\t\t\t\n\t\t\t\t\n\t\t\t<\/div>\n\t\t\t\n\t\t<\/div>\n\t\t\t\t<\/div>\n\t\t\t\t<\/div>\n\t\t\t\t<\/div>\n\t\t<div class=\"elementor-element elementor-element-61665b9 e-con-full e-flex e-con e-parent\" data-id=\"61665b9\" data-element_type=\"container\" data-settings=\"{&quot;background_background&quot;:&quot;classic&quot;}\">\n\t\t<div class=\"elementor-element elementor-element-cd044bb e-con-full e-flex e-con e-child\" data-id=\"cd044bb\" data-element_type=\"container\">\n\t\t\t\t<div class=\"elementor-element elementor-element-33daa33 elementor-widget elementor-widget-image\" data-id=\"33daa33\" data-element_type=\"widget\" data-widget_type=\"image.default\">\n\t\t\t\t<div class=\"elementor-widget-container\">\n\t\t\t\t\t\t\t\t\t\t\t\t\t<img fetchpriority=\"high\" decoding=\"async\" width=\"598\" height=\"627\" src=\"https:\/\/renderme.pt\/wp-content\/uploads\/2023\/12\/image_about_example.png\" class=\"attachment-full size-full wp-image-63\" alt=\"\" srcset=\"https:\/\/renderme.pt\/wp-content\/uploads\/2023\/12\/image_about_example.png 598w, https:\/\/renderme.pt\/wp-content\/uploads\/2023\/12\/image_about_example-286x300.png 286w\" sizes=\"(max-width: 598px) 100vw, 598px\" \/>\t\t\t\t\t\t\t\t\t\t\t\t\t<\/div>\n\t\t\t\t<\/div>\n\t\t\t\t<\/div>\n\t\t<div class=\"elementor-element elementor-element-537dad5 e-con-full e-flex e-con e-child\" data-id=\"537dad5\" data-element_type=\"container\">\n\t\t\t\t<div class=\"elementor-element elementor-element-1d1f5cf elementor-position-left titulo elementor-mobile-position-left elementor-vertical-align-top elementor-view-default elementor-vertical-align-top elementor-widget elementor-widget-icon-box\" data-id=\"1d1f5cf\" data-element_type=\"widget\" data-widget_type=\"icon-box.default\">\n\t\t\t\t<div class=\"elementor-widget-container\">\n\t\t\t\t\t<div class=\"elementor-icon-box-wrapper\">\n\n\t\t\t\t\t\t<div class=\"elementor-icon-box-icon\">\n\t\t\t\t<span  class=\"elementor-icon elementor-animation-\">\n\t\t\t\t<svg aria-hidden=\"true\" class=\"e-font-icon-svg e-fas-square-full\" viewBox=\"0 0 512 512\" xmlns=\"http:\/\/www.w3.org\/2000\/svg\"><path d=\"M512 512H0V0h512v512z\"><\/path><\/svg>\t\t\t\t<\/span>\n\t\t\t<\/div>\n\t\t\t\n\t\t\t\t\t\t<div class=\"elementor-icon-box-content\">\n\n\t\t\t\t\t\t\t\t\t<h3 class=\"elementor-icon-box-title\">\n\t\t\t\t\t\t<span  >\n\t\t\t\t\t\t\tA propos de nous\t\t\t\t\t\t<\/span>\n\t\t\t\t\t<\/h3>\n\t\t\t\t\n\t\t\t\t\n\t\t\t<\/div>\n\t\t\t\n\t\t<\/div>\n\t\t\t\t<\/div>\n\t\t\t\t<\/div>\n\t\t\t\t<div class=\"elementor-element elementor-element-399c00e elementor-widget elementor-widget-text-editor\" data-id=\"399c00e\" data-element_type=\"widget\" data-widget_type=\"text-editor.default\">\n\t\t\t\t<div class=\"elementor-widget-container\">\n\t\t\t\t\t\t\t<p>Nous sommes une \u00e9quipe pluridisciplinaire d\u00e9di\u00e9e \u00e0 l&rsquo;excellence en visualisation architecturale. Forts de plusieurs ann\u00e9es d&rsquo;exp\u00e9rience sur le march\u00e9, nous combinons cr\u00e9ativit\u00e9, technologie de pointe et une profonde compr\u00e9hension des besoins de nos clients pour cr\u00e9er des images et des animations 3D qui transforment les visions architecturales en r\u00e9alit\u00e9s \u00e9blouissantes. <\/p>\n<p>Notre \u00e9quipe est compos\u00e9e de sp\u00e9cialistes en mod\u00e9lisation, rendu et animation, tous engag\u00e9s \u00e0 fournir un travail de haute qualit\u00e9 qui d\u00e9passe les attentes.<\/p>\n<p>Nous valorisons la collaboration et la communication ouverte avec nos clients, garantissant que chaque projet soit un v\u00e9ritable reflet de leurs aspirations et objectifs. Chez Renderme, notre engagement est de transformer les id\u00e9es en exp\u00e9riences visuelles immersives et pr\u00e9cises, contribuant ainsi au succ\u00e8s de chaque projet. <\/p>\n\t\t\t\t\t\t<\/div>\n\t\t\t\t<\/div>\n\t\t\t\t<div class=\"elementor-element elementor-element-3e82ec3 elementor-position-left titulo elementor-mobile-position-left elementor-vertical-align-top elementor-view-default elementor-vertical-align-top elementor-widget elementor-widget-icon-box\" data-id=\"3e82ec3\" data-element_type=\"widget\" data-widget_type=\"icon-box.default\">\n\t\t\t\t<div class=\"elementor-widget-container\">\n\t\t\t\t\t<div class=\"elementor-icon-box-wrapper\">\n\n\t\t\t\t\t\t<div class=\"elementor-icon-box-icon\">\n\t\t\t\t<span  class=\"elementor-icon elementor-animation-\">\n\t\t\t\t<svg aria-hidden=\"true\" class=\"e-font-icon-svg e-fas-square-full\" viewBox=\"0 0 512 512\" xmlns=\"http:\/\/www.w3.org\/2000\/svg\"><path d=\"M512 512H0V0h512v512z\"><\/path><\/svg>\t\t\t\t<\/span>\n\t\t\t<\/div>\n\t\t\t\n\t\t\t\t\t\t<div class=\"elementor-icon-box-content\">\n\n\t\t\t\t\t\t\t\t\t<h3 class=\"elementor-icon-box-title\">\n\t\t\t\t\t\t<span  >\n\t\t\t\t\t\t\tCe que nous faisons\t\t\t\t\t\t<\/span>\n\t\t\t\t\t<\/h3>\n\t\t\t\t\n\t\t\t\t\n\t\t\t<\/div>\n\t\t\t\n\t\t<\/div>\n\t\t\t\t<\/div>\n\t\t\t\t<\/div>\n\t\t\t\t<div class=\"elementor-element elementor-element-07a1100 elementor-widget elementor-widget-text-editor\" data-id=\"07a1100\" data-element_type=\"widget\" data-widget_type=\"text-editor.default\">\n\t\t\t\t<div class=\"elementor-widget-container\">\n\t\t\t\t\t\t\t<ul>\n<li>Animation 3D<\/li>\n<li>Exp\u00e9rience VR<\/li>\n<li>Exp\u00e9rience en mati\u00e8re de RA<\/li>\n<li>Images statiques<\/li>\n<li>Cr\u00e9ation de concepts<\/li>\n<li>Rendu des produits<\/li>\n<li>Identit\u00e9 de la marque<\/li>\n<li>Strat\u00e9gie et conseil<\/li>\n<\/ul>\n\t\t\t\t\t\t<\/div>\n\t\t\t\t<\/div>\n\t\t\t\t<\/div>\n\t\t\t\t<\/div>\n\t\t<div class=\"elementor-element elementor-element-554b37b e-con-full e-flex e-con e-parent\" data-id=\"554b37b\" data-element_type=\"container\" data-settings=\"{&quot;background_background&quot;:&quot;classic&quot;}\">\n\t\t<div class=\"elementor-element elementor-element-27ce1db e-con-full e-flex e-con e-child\" data-id=\"27ce1db\" data-element_type=\"container\">\n\t\t\t\t<div class=\"elementor-element elementor-element-dab6115 elementor-position-left titulo elementor-mobile-position-left elementor-vertical-align-top elementor-view-default elementor-vertical-align-top elementor-widget elementor-widget-icon-box\" data-id=\"dab6115\" data-element_type=\"widget\" data-widget_type=\"icon-box.default\">\n\t\t\t\t<div class=\"elementor-widget-container\">\n\t\t\t\t\t<div class=\"elementor-icon-box-wrapper\">\n\n\t\t\t\t\t\t<div class=\"elementor-icon-box-icon\">\n\t\t\t\t<span  class=\"elementor-icon elementor-animation-\">\n\t\t\t\t<svg aria-hidden=\"true\" class=\"e-font-icon-svg e-fas-square-full\" viewBox=\"0 0 512 512\" xmlns=\"http:\/\/www.w3.org\/2000\/svg\"><path d=\"M512 512H0V0h512v512z\"><\/path><\/svg>\t\t\t\t<\/span>\n\t\t\t<\/div>\n\t\t\t\n\t\t\t\t\t\t<div class=\"elementor-icon-box-content\">\n\n\t\t\t\t\t\t\t\t\t<h3 class=\"elementor-icon-box-title\">\n\t\t\t\t\t\t<span  >\n\t\t\t\t\t\t\t<br> Showreel 23\/24\t\t\t\t\t\t<\/span>\n\t\t\t\t\t<\/h3>\n\t\t\t\t\n\t\t\t\t\n\t\t\t<\/div>\n\t\t\t\n\t\t<\/div>\n\t\t\t\t<\/div>\n\t\t\t\t<\/div>\n\t\t\t\t<\/div>\n\t\t\t\t<\/div>\n\t\t<div class=\"elementor-element elementor-element-84b69ca e-con-full e-flex e-con e-parent\" data-id=\"84b69ca\" data-element_type=\"container\">\n\t\t\t\t<div class=\"elementor-element elementor-element-fe37486 elementor-widget elementor-widget-video\" data-id=\"fe37486\" data-element_type=\"widget\" data-settings=\"{&quot;video_type&quot;:&quot;vimeo&quot;,&quot;loop&quot;:&quot;yes&quot;}\" data-widget_type=\"video.default\">\n\t\t\t\t<div class=\"elementor-widget-container\">\n\t\t\t\t\t<div class=\"elementor-wrapper elementor-open-inline\">\n\t\t\t<iframe class=\"elementor-video-iframe\" allowfullscreen allow=\"clipboard-write\" title=\"Lecteur vid\u00e9o vimeo\" src=\"https:\/\/player.vimeo.com\/video\/989050995?color&amp;autopause=0&amp;loop=1&amp;muted=0&amp;title=0&amp;portrait=0&amp;byline=0#t=\"><\/iframe>\t\t<\/div>\n\t\t\t\t<\/div>\n\t\t\t\t<\/div>\n\t\t\t\t<\/div>\n\t\t<div class=\"elementor-element elementor-element-d834936 e-con-full e-flex e-con e-parent\" data-id=\"d834936\" data-element_type=\"container\" data-settings=\"{&quot;background_background&quot;:&quot;classic&quot;}\">\n\t\t<div class=\"elementor-element elementor-element-bf7802c e-con-full e-flex e-con e-child\" data-id=\"bf7802c\" data-element_type=\"container\">\n\t\t\t\t<div class=\"elementor-element elementor-element-1f557ef elementor-widget elementor-widget-image\" data-id=\"1f557ef\" data-element_type=\"widget\" data-widget_type=\"image.default\">\n\t\t\t\t<div class=\"elementor-widget-container\">\n\t\t\t\t\t\t\t\t\t\t\t\t\t<img decoding=\"async\" width=\"1299\" height=\"1525\" src=\"https:\/\/renderme.pt\/wp-content\/uploads\/2024\/09\/Samir-Castro-Head-3D-Designer-amarelo.jpg\" class=\"attachment-full size-full wp-image-2734\" alt=\"\" srcset=\"https:\/\/renderme.pt\/wp-content\/uploads\/2024\/09\/Samir-Castro-Head-3D-Designer-amarelo.jpg 1299w, https:\/\/renderme.pt\/wp-content\/uploads\/2024\/09\/Samir-Castro-Head-3D-Designer-amarelo-256x300.jpg 256w, https:\/\/renderme.pt\/wp-content\/uploads\/2024\/09\/Samir-Castro-Head-3D-Designer-amarelo-872x1024.jpg 872w, https:\/\/renderme.pt\/wp-content\/uploads\/2024\/09\/Samir-Castro-Head-3D-Designer-amarelo-768x902.jpg 768w, https:\/\/renderme.pt\/wp-content\/uploads\/2024\/09\/Samir-Castro-Head-3D-Designer-amarelo-10x12.jpg 10w\" sizes=\"(max-width: 1299px) 100vw, 1299px\" \/>\t\t\t\t\t\t\t\t\t\t\t\t\t<\/div>\n\t\t\t\t<\/div>\n\t\t\t\t<div class=\"elementor-element elementor-element-ace3101 elementor-widget elementor-widget-heading\" data-id=\"ace3101\" data-element_type=\"widget\" data-widget_type=\"heading.default\">\n\t\t\t\t<div class=\"elementor-widget-container\">\n\t\t\t<h2 class=\"elementor-heading-title elementor-size-default\">Samir Castro<\/h2>\t\t<\/div>\n\t\t\t\t<\/div>\n\t\t\t\t<div class=\"elementor-element elementor-element-7b0d739 elementor-widget elementor-widget-heading\" data-id=\"7b0d739\" data-element_type=\"widget\" data-widget_type=\"heading.default\">\n\t\t\t\t<div class=\"elementor-widget-container\">\n\t\t\t<h2 class=\"elementor-heading-title elementor-size-default\">  Chef concepteur 3D<\/h2>\t\t<\/div>\n\t\t\t\t<\/div>\n\t\t\t\t<\/div>\n\t\t<div class=\"elementor-element elementor-element-a3d5c6e e-con-full e-flex e-con e-child\" data-id=\"a3d5c6e\" data-element_type=\"container\">\n\t\t\t\t<div class=\"elementor-element elementor-element-9b5ca48 elementor-widget elementor-widget-image\" data-id=\"9b5ca48\" data-element_type=\"widget\" data-widget_type=\"image.default\">\n\t\t\t\t<div class=\"elementor-widget-container\">\n\t\t\t\t\t\t\t\t\t\t\t\t\t<img decoding=\"async\" width=\"1650\" height=\"1938\" src=\"https:\/\/renderme.pt\/wp-content\/uploads\/2024\/09\/Bruno-Caetano-Gestor-de-Projetos-amarelo.jpg\" class=\"attachment-full size-full wp-image-2735\" alt=\"\" srcset=\"https:\/\/renderme.pt\/wp-content\/uploads\/2024\/09\/Bruno-Caetano-Gestor-de-Projetos-amarelo.jpg 1650w, https:\/\/renderme.pt\/wp-content\/uploads\/2024\/09\/Bruno-Caetano-Gestor-de-Projetos-amarelo-255x300.jpg 255w, https:\/\/renderme.pt\/wp-content\/uploads\/2024\/09\/Bruno-Caetano-Gestor-de-Projetos-amarelo-872x1024.jpg 872w, https:\/\/renderme.pt\/wp-content\/uploads\/2024\/09\/Bruno-Caetano-Gestor-de-Projetos-amarelo-768x902.jpg 768w, https:\/\/renderme.pt\/wp-content\/uploads\/2024\/09\/Bruno-Caetano-Gestor-de-Projetos-amarelo-1308x1536.jpg 1308w, https:\/\/renderme.pt\/wp-content\/uploads\/2024\/09\/Bruno-Caetano-Gestor-de-Projetos-amarelo-10x12.jpg 10w\" sizes=\"(max-width: 1650px) 100vw, 1650px\" \/>\t\t\t\t\t\t\t\t\t\t\t\t\t<\/div>\n\t\t\t\t<\/div>\n\t\t\t\t<div class=\"elementor-element elementor-element-4d7e5ae elementor-widget elementor-widget-heading\" data-id=\"4d7e5ae\" data-element_type=\"widget\" data-widget_type=\"heading.default\">\n\t\t\t\t<div class=\"elementor-widget-container\">\n\t\t\t<h2 class=\"elementor-heading-title elementor-size-default\">Bruno Caetano<\/h2>\t\t<\/div>\n\t\t\t\t<\/div>\n\t\t\t\t<div class=\"elementor-element elementor-element-bfa35cd elementor-widget elementor-widget-heading\" data-id=\"bfa35cd\" data-element_type=\"widget\" data-widget_type=\"heading.default\">\n\t\t\t\t<div class=\"elementor-widget-container\">\n\t\t\t<h2 class=\"elementor-heading-title elementor-size-default\">Chef de projet<\/h2>\t\t<\/div>\n\t\t\t\t<\/div>\n\t\t\t\t<\/div>\n\t\t\t\t<\/div>\n\t\t<div class=\"elementor-element elementor-element-39c7e53 e-con-full e-flex e-con e-parent\" data-id=\"39c7e53\" data-element_type=\"container\" data-settings=\"{&quot;background_background&quot;:&quot;classic&quot;}\">\n\t\t<div class=\"elementor-element elementor-element-65f9c68 e-con-full e-flex e-con e-child\" data-id=\"65f9c68\" data-element_type=\"container\">\n\t\t\t\t<div class=\"elementor-element elementor-element-052700b elementor-position-left titulo elementor-mobile-position-left elementor-vertical-align-top elementor-view-default elementor-vertical-align-top elementor-widget elementor-widget-icon-box\" data-id=\"052700b\" data-element_type=\"widget\" data-widget_type=\"icon-box.default\">\n\t\t\t\t<div class=\"elementor-widget-container\">\n\t\t\t\t\t<div class=\"elementor-icon-box-wrapper\">\n\n\t\t\t\t\t\t<div class=\"elementor-icon-box-icon\">\n\t\t\t\t<span  class=\"elementor-icon elementor-animation-\">\n\t\t\t\t<svg aria-hidden=\"true\" class=\"e-font-icon-svg e-fas-square-full\" viewBox=\"0 0 512 512\" xmlns=\"http:\/\/www.w3.org\/2000\/svg\"><path d=\"M512 512H0V0h512v512z\"><\/path><\/svg>\t\t\t\t<\/span>\n\t\t\t<\/div>\n\t\t\t\n\t\t\t\t\t\t<div class=\"elementor-icon-box-content\">\n\n\t\t\t\t\t\t\t\t\t<h3 class=\"elementor-icon-box-title\">\n\t\t\t\t\t\t<span  >\n\t\t\t\t\t\t\tProcessus de travail\t\t\t\t\t\t<\/span>\n\t\t\t\t\t<\/h3>\n\t\t\t\t\n\t\t\t\t\n\t\t\t<\/div>\n\t\t\t\n\t\t<\/div>\n\t\t\t\t<\/div>\n\t\t\t\t<\/div>\n\t\t\t\t<div class=\"elementor-element elementor-element-9ce0153 elementor-widget elementor-widget-text-editor\" data-id=\"9ce0153\" data-element_type=\"widget\" data-widget_type=\"text-editor.default\">\n\t\t\t\t<div class=\"elementor-widget-container\">\n\t\t\t\t\t\t\t<p>Notre service de rendu est con\u00e7u pour transformer vos id\u00e9es en images 3D r\u00e9alistes et percutantes, en suivant un processus de travail structur\u00e9 et efficace.<br \/>\nVoici comment nous travaillons : <\/p>\n\t\t\t\t\t\t<\/div>\n\t\t\t\t<\/div>\n\t\t\t\t<div class=\"elementor-element elementor-element-09a6234 elementor-widget__width-initial elementor-widget elementor-widget-toggle\" data-id=\"09a6234\" data-element_type=\"widget\" data-widget_type=\"toggle.default\">\n\t\t\t\t<div class=\"elementor-widget-container\">\n\t\t\t\t\t<div class=\"elementor-toggle\">\n\t\t\t\t\t\t\t<div class=\"elementor-toggle-item\">\n\t\t\t\t\t<h5 id=\"elementor-tab-title-1011\" class=\"elementor-tab-title\" data-tab=\"1\" role=\"button\" aria-controls=\"elementor-tab-content-1011\" aria-expanded=\"false\">\n\t\t\t\t\t\t\t\t\t\t\t\t<a class=\"elementor-toggle-title\" tabindex=\"0\"><span style=\"color:#D2D2D2\">01<\/span> Briefing<\/a>\n\t\t\t\t\t<\/h5>\n\n\t\t\t\t\t<div id=\"elementor-tab-content-1011\" class=\"elementor-tab-content elementor-clearfix\" data-tab=\"1\" role=\"region\" aria-labelledby=\"elementor-tab-title-1011\"><p>Tout commence par une r\u00e9union d\u00e9taill\u00e9e au cours de laquelle nous recueillons toutes les informations essentielles sur votre projet.<br \/>\nNous discutons de vos besoins, de vos attentes et de vos objectifs afin de nous assurer que nous sommes parfaitement en phase avec votre vision.<br \/>\n\u00c0 ce stade, nous analysons les plans, dessins et r\u00e9f\u00e9rences visuelles que vous souhaitez int\u00e9grer.  <\/p>\n<\/div>\n\t\t\t\t<\/div>\n\t\t\t\t\t\t\t<div class=\"elementor-toggle-item\">\n\t\t\t\t\t<h5 id=\"elementor-tab-title-1012\" class=\"elementor-tab-title\" data-tab=\"2\" role=\"button\" aria-controls=\"elementor-tab-content-1012\" aria-expanded=\"false\">\n\t\t\t\t\t\t\t\t\t\t\t\t<a class=\"elementor-toggle-title\" tabindex=\"0\"><span style=\"color:#D2D2D2\">02<\/span> Production<\/a>\n\t\t\t\t\t<\/h5>\n\n\t\t\t\t\t<div id=\"elementor-tab-content-1012\" class=\"elementor-tab-content elementor-clearfix\" data-tab=\"2\" role=\"region\" aria-labelledby=\"elementor-tab-title-1012\"><p>Sur la base du briefing, notre \u00e9quipe d&rsquo;experts se met au travail pour mod\u00e9liser et texturer les \u00e9l\u00e9ments du projet.<br \/>\nNous utilisons les derni\u00e8res technologies de rendu 3D pour cr\u00e9er des sc\u00e8nes d\u00e9taill\u00e9es et r\u00e9alistes.<br \/>\nPendant cette phase, nous maintenons une communication continue avec vous pour nous assurer que nous sommes sur la bonne voie.  <\/p>\n<\/div>\n\t\t\t\t<\/div>\n\t\t\t\t\t\t\t<div class=\"elementor-toggle-item\">\n\t\t\t\t\t<h5 id=\"elementor-tab-title-1013\" class=\"elementor-tab-title\" data-tab=\"3\" role=\"button\" aria-controls=\"elementor-tab-content-1013\" aria-expanded=\"false\">\n\t\t\t\t\t\t\t\t\t\t\t\t<a class=\"elementor-toggle-title\" tabindex=\"0\"><span style=\"color:#D2D2D2\">03<\/span> R\u00e9vision<\/a>\n\t\t\t\t\t<\/h5>\n\n\t\t\t\t\t<div id=\"elementor-tab-content-1013\" class=\"elementor-tab-content elementor-clearfix\" data-tab=\"3\" role=\"region\" aria-labelledby=\"elementor-tab-title-1013\"><p>Une fois la production initiale termin\u00e9e, nous vous envoyons les premi\u00e8res images pour \u00e9valuation.<br \/>\nNous appr\u00e9cions votre retour d&rsquo;information et sommes pr\u00eats \u00e0 faire les ajustements n\u00e9cessaires.<br \/>\nNotre objectif est de nous assurer que chaque d\u00e9tail r\u00e9pond \u00e0 vos attentes avant de passer \u00e0 l&rsquo;\u00e9tape finale.  <\/p>\n<\/div>\n\t\t\t\t<\/div>\n\t\t\t\t\t\t\t<div class=\"elementor-toggle-item\">\n\t\t\t\t\t<h5 id=\"elementor-tab-title-1014\" class=\"elementor-tab-title\" data-tab=\"4\" role=\"button\" aria-controls=\"elementor-tab-content-1014\" aria-expanded=\"false\">\n\t\t\t\t\t\t\t\t\t\t\t\t<a class=\"elementor-toggle-title\" tabindex=\"0\"><span style=\"color:#D2D2D2\">04<\/span> Livraison<\/a>\n\t\t\t\t\t<\/h5>\n\n\t\t\t\t\t<div id=\"elementor-tab-content-1014\" class=\"elementor-tab-content elementor-clearfix\" data-tab=\"4\" role=\"region\" aria-labelledby=\"elementor-tab-title-1014\"><p>Une fois les r\u00e9visions finalis\u00e9es et votre approbation obtenue, nous pr\u00e9parons les fichiers finaux en haute r\u00e9solution.<br \/>\nNous garantissons que tous les documents sont livr\u00e9s dans les d\u00e9lais convenus, pr\u00eats \u00e0 \u00eatre utilis\u00e9s pour des pr\u00e9sentations, du marketing ou tout autre besoin que vous pourriez avoir. <\/p>\n<\/div>\n\t\t\t\t<\/div>\n\t\t\t\t\t\t\t\t<\/div>\n\t\t\t\t<\/div>\n\t\t\t\t<\/div>\n\t\t\t\t<\/div>\n\t\t<div class=\"elementor-element elementor-element-0c1245d e-con-full e-flex e-con e-child\" data-id=\"0c1245d\" data-element_type=\"container\" data-settings=\"{&quot;background_background&quot;:&quot;classic&quot;}\">\n\t\t<div class=\"elementor-element elementor-element-fd4ec9a e-flex e-con-boxed e-con e-child\" data-id=\"fd4ec9a\" data-element_type=\"container\" data-settings=\"{&quot;background_background&quot;:&quot;video&quot;,&quot;background_video_link&quot;:&quot;https:\\\/\\\/vimeo.com\\\/996122585?share=copy#t=0&quot;,&quot;background_play_on_mobile&quot;:&quot;yes&quot;,&quot;background_privacy_mode&quot;:&quot;yes&quot;}\">\n\t\t\t\t\t<div class=\"e-con-inner\">\n\t\t<div class=\"elementor-background-video-container\">\n\t\t\t\t\t\t\t<div class=\"elementor-background-video-embed\"><\/div>\n\t\t\t\t\t\t<\/div>\t\t\t<\/div>\n\t\t\t\t<\/div>\n\t\t\t\t<\/div>\n\t\t\t\t<\/div>\n\t\t\t\t<\/div>\n\t\t","protected":false},"excerpt":{"rendered":"<p>A propos de nous A propos de nous Nous sommes une \u00e9quipe pluridisciplinaire d\u00e9di\u00e9e \u00e0 l&rsquo;excellence en visualisation architecturale. Forts de plusieurs ann\u00e9es d&rsquo;exp\u00e9rience sur le march\u00e9, nous combinons cr\u00e9ativit\u00e9, technologie de pointe et une profonde compr\u00e9hension des besoins de nos clients pour cr\u00e9er des images et des animations 3D qui transforment les visions architecturales [&hellip;]<\/p>\n","protected":false},"author":1,"featured_media":0,"parent":0,"menu_order":0,"comment_status":"closed","ping_status":"closed","template":"","meta":{"footnotes":""},"class_list":["post-3060","page","type-page","status-publish","hentry"],"_links":{"self":[{"href":"https:\/\/renderme.pt\/fr\/wp-json\/wp\/v2\/pages\/3060","targetHints":{"allow":["GET"]}}],"collection":[{"href":"https:\/\/renderme.pt\/fr\/wp-json\/wp\/v2\/pages"}],"about":[{"href":"https:\/\/renderme.pt\/fr\/wp-json\/wp\/v2\/types\/page"}],"author":[{"embeddable":true,"href":"https:\/\/renderme.pt\/fr\/wp-json\/wp\/v2\/users\/1"}],"replies":[{"embeddable":true,"href":"https:\/\/renderme.pt\/fr\/wp-json\/wp\/v2\/comments?post=3060"}],"version-history":[{"count":5,"href":"https:\/\/renderme.pt\/fr\/wp-json\/wp\/v2\/pages\/3060\/revisions"}],"predecessor-version":[{"id":3432,"href":"https:\/\/renderme.pt\/fr\/wp-json\/wp\/v2\/pages\/3060\/revisions\/3432"}],"wp:attachment":[{"href":"https:\/\/renderme.pt\/fr\/wp-json\/wp\/v2\/media?parent=3060"}],"curies":[{"name":"wp","href":"https:\/\/api.w.org\/{rel}","templated":true}]}}