{"id":3047,"date":"2024-01-23T16:57:01","date_gmt":"2024-01-23T16:57:01","guid":{"rendered":"https:\/\/dev-render.teoria.agency\/pt\/video-3d\/"},"modified":"2024-09-11T16:52:21","modified_gmt":"2024-09-11T16:52:21","slug":"video-3d","status":"publish","type":"page","link":"https:\/\/renderme.pt\/fr\/video-3d\/","title":{"rendered":"Vid\u00e9o 3D"},"content":{"rendered":"\t\t<div data-elementor-type=\"wp-page\" data-elementor-id=\"3047\" class=\"elementor elementor-3047 elementor-1131\" data-elementor-post-type=\"page\">\n\t\t\t\t<div class=\"elementor-element elementor-element-b090521 e-con-full e-flex e-con e-parent\" data-id=\"b090521\" data-element_type=\"container\" data-settings=\"{&quot;background_background&quot;:&quot;classic&quot;}\">\n\t\t\t\t<div class=\"elementor-element elementor-element-825ef5c elementor-position-left titulo elementor-mobile-position-left elementor-view-default elementor-vertical-align-top elementor-widget elementor-widget-icon-box\" data-id=\"825ef5c\" data-element_type=\"widget\" data-widget_type=\"icon-box.default\">\n\t\t\t\t<div class=\"elementor-widget-container\">\n\t\t\t\t\t<div class=\"elementor-icon-box-wrapper\">\n\n\t\t\t\t\t\t<div class=\"elementor-icon-box-icon\">\n\t\t\t\t<span  class=\"elementor-icon elementor-animation-\">\n\t\t\t\t<svg aria-hidden=\"true\" class=\"e-font-icon-svg e-fas-square-full\" viewBox=\"0 0 512 512\" xmlns=\"http:\/\/www.w3.org\/2000\/svg\"><path d=\"M512 512H0V0h512v512z\"><\/path><\/svg>\t\t\t\t<\/span>\n\t\t\t<\/div>\n\t\t\t\n\t\t\t\t\t\t<div class=\"elementor-icon-box-content\">\n\n\t\t\t\t\t\t\t\t\t<h3 class=\"elementor-icon-box-title\">\n\t\t\t\t\t\t<span  >\n\t\t\t\t\t\t\tVid\u00e9o 3D\t\t\t\t\t\t<\/span>\n\t\t\t\t\t<\/h3>\n\t\t\t\t\n\t\t\t\t\n\t\t\t<\/div>\n\t\t\t\n\t\t<\/div>\n\t\t\t\t<\/div>\n\t\t\t\t<\/div>\n\t\t\t\t<\/div>\n\t\t<div class=\"elementor-element elementor-element-bd3e5b7 e-con-full e-flex e-con e-parent\" data-id=\"bd3e5b7\" data-element_type=\"container\">\n\t\t<div class=\"elementor-element elementor-element-b31719f e-con-full e-flex e-con e-child\" data-id=\"b31719f\" data-element_type=\"container\">\n\t\t\t\t<div class=\"elementor-element elementor-element-d33241b elementor-widget elementor-widget-heading\" data-id=\"d33241b\" data-element_type=\"widget\" data-widget_type=\"heading.default\">\n\t\t\t\t<div class=\"elementor-widget-container\">\n\t\t\t<h2 class=\"elementor-heading-title elementor-size-default\">Titre 1<\/h2>\t\t<\/div>\n\t\t\t\t<\/div>\n\t\t\t\t<div class=\"elementor-element elementor-element-118ea0e elementor-widget__width-inherit elementor-widget elementor-widget-text-editor\" data-id=\"118ea0e\" data-element_type=\"widget\" data-widget_type=\"text-editor.default\">\n\t\t\t\t<div class=\"elementor-widget-container\">\n\t\t\t\t\t\t\t<p>Am\u00e9liorez votre vision gr\u00e2ce au rendu 3D et mettez en valeur tout le potentiel de vos projets.  <br \/>Transformez vos id\u00e9es en repr\u00e9sentations visuelles \u00e9tonnantes, d&rsquo;un r\u00e9alisme et d&rsquo;une pr\u00e9cision in\u00e9gal\u00e9s.<\/p>\n\t\t\t\t\t\t<\/div>\n\t\t\t\t<\/div>\n\t\t\t\t<\/div>\n\t\t<div class=\"elementor-element elementor-element-e735984 e-con-full e-flex e-con e-child\" data-id=\"e735984\" data-element_type=\"container\">\n\t\t\t\t<div class=\"elementor-element elementor-element-77ffd30 elementor-widget elementor-widget-heading\" data-id=\"77ffd30\" data-element_type=\"widget\" data-widget_type=\"heading.default\">\n\t\t\t\t<div class=\"elementor-widget-container\">\n\t\t\t<h2 class=\"elementor-heading-title elementor-size-default\">Titre 2<\/h2>\t\t<\/div>\n\t\t\t\t<\/div>\n\t\t\t\t<div class=\"elementor-element elementor-element-5787bd8 elementor-widget__width-inherit elementor-widget elementor-widget-text-editor\" data-id=\"5787bd8\" data-element_type=\"widget\" data-widget_type=\"text-editor.default\">\n\t\t\t\t<div class=\"elementor-widget-container\">\n\t\t\t\t\t\t\t<p>Am\u00e9liorez votre vision gr\u00e2ce au rendu 3D et mettez en valeur tout le potentiel de vos projets.  <br \/>Transformez vos id\u00e9es en repr\u00e9sentations visuelles \u00e9tonnantes, d&rsquo;un r\u00e9alisme et d&rsquo;une pr\u00e9cision in\u00e9gal\u00e9s.<\/p>\n\t\t\t\t\t\t<\/div>\n\t\t\t\t<\/div>\n\t\t\t\t<\/div>\n\t\t<div class=\"elementor-element elementor-element-2b448e1 e-con-full e-flex e-con e-child\" data-id=\"2b448e1\" data-element_type=\"container\">\n\t\t\t\t<div class=\"elementor-element elementor-element-14f36ed elementor-widget elementor-widget-heading\" data-id=\"14f36ed\" data-element_type=\"widget\" data-widget_type=\"heading.default\">\n\t\t\t\t<div class=\"elementor-widget-container\">\n\t\t\t<h2 class=\"elementor-heading-title elementor-size-default\">Titre 3<\/h2>\t\t<\/div>\n\t\t\t\t<\/div>\n\t\t\t\t<div class=\"elementor-element elementor-element-8da2876 elementor-widget__width-inherit elementor-widget elementor-widget-text-editor\" data-id=\"8da2876\" data-element_type=\"widget\" data-widget_type=\"text-editor.default\">\n\t\t\t\t<div class=\"elementor-widget-container\">\n\t\t\t\t\t\t\t<p>Am\u00e9liorez votre vision gr\u00e2ce au rendu 3D et mettez en valeur tout le potentiel de vos projets.  <br \/>Transformez vos id\u00e9es en repr\u00e9sentations visuelles \u00e9tonnantes, d&rsquo;un r\u00e9alisme et d&rsquo;une pr\u00e9cision in\u00e9gal\u00e9s.<\/p>\n\t\t\t\t\t\t<\/div>\n\t\t\t\t<\/div>\n\t\t\t\t<\/div>\n\t\t\t\t<\/div>\n\t\t<div class=\"elementor-element elementor-element-b924442 e-con-full e-flex e-con e-parent\" data-id=\"b924442\" data-element_type=\"container\">\n\t\t\t\t<div class=\"elementor-element elementor-element-0be1472 elementor-position-left titulo elementor-mobile-position-left elementor-vertical-align-top elementor-view-default elementor-vertical-align-top elementor-widget elementor-widget-icon-box\" data-id=\"0be1472\" data-element_type=\"widget\" data-widget_type=\"icon-box.default\">\n\t\t\t\t<div class=\"elementor-widget-container\">\n\t\t\t\t\t<div class=\"elementor-icon-box-wrapper\">\n\n\t\t\t\t\t\t<div class=\"elementor-icon-box-icon\">\n\t\t\t\t<span  class=\"elementor-icon elementor-animation-\">\n\t\t\t\t<svg aria-hidden=\"true\" class=\"e-font-icon-svg e-fas-square-full\" viewBox=\"0 0 512 512\" xmlns=\"http:\/\/www.w3.org\/2000\/svg\"><path d=\"M512 512H0V0h512v512z\"><\/path><\/svg>\t\t\t\t<\/span>\n\t\t\t<\/div>\n\t\t\t\n\t\t\t\t\t\t<div class=\"elementor-icon-box-content\">\n\n\t\t\t\t\t\t\t\t\t<h3 class=\"elementor-icon-box-title\">\n\t\t\t\t\t\t<span  >\n\t\t\t\t\t\t\tQuelques-uns de nos travaux\t\t\t\t\t\t<\/span>\n\t\t\t\t\t<\/h3>\n\t\t\t\t\n\t\t\t\t\n\t\t\t<\/div>\n\t\t\t\n\t\t<\/div>\n\t\t\t\t<\/div>\n\t\t\t\t<\/div>\n\t\t\t\t<\/div>\n\t\t<div class=\"elementor-element elementor-element-703f4ba e-con-full e-flex e-con e-parent\" data-id=\"703f4ba\" data-element_type=\"container\">\n\t\t<div class=\"elementor-element elementor-element-7c4ae3a e-con-full e-flex e-con e-child\" data-id=\"7c4ae3a\" data-element_type=\"container\">\n\t\t\t\t<div class=\"elementor-element elementor-element-8998ed0 elementor-widget elementor-widget-image\" data-id=\"8998ed0\" data-element_type=\"widget\" data-widget_type=\"image.default\">\n\t\t\t\t<div class=\"elementor-widget-container\">\n\t\t\t\t\t\t\t\t\t\t\t\t\t<img fetchpriority=\"high\" decoding=\"async\" width=\"1600\" height=\"2000\" src=\"https:\/\/renderme.pt\/wp-content\/uploads\/2024\/05\/06-copiar.jpg\" class=\"attachment-full size-full wp-image-1975\" alt=\"\" srcset=\"https:\/\/renderme.pt\/wp-content\/uploads\/2024\/05\/06-copiar.jpg 1600w, https:\/\/renderme.pt\/wp-content\/uploads\/2024\/05\/06-copiar-240x300.jpg 240w, https:\/\/renderme.pt\/wp-content\/uploads\/2024\/05\/06-copiar-819x1024.jpg 819w, https:\/\/renderme.pt\/wp-content\/uploads\/2024\/05\/06-copiar-768x960.jpg 768w, https:\/\/renderme.pt\/wp-content\/uploads\/2024\/05\/06-copiar-1229x1536.jpg 1229w\" sizes=\"(max-width: 1600px) 100vw, 1600px\" \/>\t\t\t\t\t\t\t\t\t\t\t\t\t<\/div>\n\t\t\t\t<\/div>\n\t\t\t\t<\/div>\n\t\t<div class=\"elementor-element elementor-element-264df5a e-con-full e-flex e-con e-child\" data-id=\"264df5a\" data-element_type=\"container\">\n\t\t\t\t<div class=\"elementor-element elementor-element-dcbea0e elementor-widget elementor-widget-image\" data-id=\"dcbea0e\" data-element_type=\"widget\" data-widget_type=\"image.default\">\n\t\t\t\t<div class=\"elementor-widget-container\">\n\t\t\t\t\t\t\t\t\t\t\t\t\t<img decoding=\"async\" width=\"1600\" height=\"2000\" src=\"https:\/\/renderme.pt\/wp-content\/uploads\/2024\/05\/07-copiar.jpg\" class=\"attachment-full size-full wp-image-1976\" alt=\"\" srcset=\"https:\/\/renderme.pt\/wp-content\/uploads\/2024\/05\/07-copiar.jpg 1600w, https:\/\/renderme.pt\/wp-content\/uploads\/2024\/05\/07-copiar-240x300.jpg 240w, https:\/\/renderme.pt\/wp-content\/uploads\/2024\/05\/07-copiar-819x1024.jpg 819w, https:\/\/renderme.pt\/wp-content\/uploads\/2024\/05\/07-copiar-768x960.jpg 768w, https:\/\/renderme.pt\/wp-content\/uploads\/2024\/05\/07-copiar-1229x1536.jpg 1229w\" sizes=\"(max-width: 1600px) 100vw, 1600px\" \/>\t\t\t\t\t\t\t\t\t\t\t\t\t<\/div>\n\t\t\t\t<\/div>\n\t\t\t\t<\/div>\n\t\t\t\t<\/div>\n\t\t<div class=\"elementor-element elementor-element-81ebe8e e-con-full e-flex e-con e-parent\" data-id=\"81ebe8e\" data-element_type=\"container\">\n\t\t\t\t<div class=\"elementor-element elementor-element-993ad66 elementor-widget elementor-widget-image\" data-id=\"993ad66\" data-element_type=\"widget\" data-widget_type=\"image.default\">\n\t\t\t\t<div class=\"elementor-widget-container\">\n\t\t\t\t\t\t\t\t\t\t\t\t\t<img decoding=\"async\" width=\"2560\" height=\"1563\" src=\"https:\/\/renderme.pt\/wp-content\/uploads\/2024\/05\/ACADEMIA-scaled.jpg\" class=\"attachment-full size-full wp-image-2005\" alt=\"\" srcset=\"https:\/\/renderme.pt\/wp-content\/uploads\/2024\/05\/ACADEMIA-scaled.jpg 2560w, https:\/\/renderme.pt\/wp-content\/uploads\/2024\/05\/ACADEMIA-300x183.jpg 300w, https:\/\/renderme.pt\/wp-content\/uploads\/2024\/05\/ACADEMIA-1024x625.jpg 1024w, https:\/\/renderme.pt\/wp-content\/uploads\/2024\/05\/ACADEMIA-768x469.jpg 768w, https:\/\/renderme.pt\/wp-content\/uploads\/2024\/05\/ACADEMIA-1536x938.jpg 1536w, https:\/\/renderme.pt\/wp-content\/uploads\/2024\/05\/ACADEMIA-2048x1250.jpg 2048w\" sizes=\"(max-width: 2560px) 100vw, 2560px\" \/>\t\t\t\t\t\t\t\t\t\t\t\t\t<\/div>\n\t\t\t\t<\/div>\n\t\t\t\t<\/div>\n\t\t<div class=\"elementor-element elementor-element-1c5f1a4 e-con-full e-flex e-con e-parent\" data-id=\"1c5f1a4\" data-element_type=\"container\" data-settings=\"{&quot;background_background&quot;:&quot;classic&quot;}\">\n\t\t<div class=\"elementor-element elementor-element-a6bb783 e-con-full e-flex e-con e-child\" data-id=\"a6bb783\" data-element_type=\"container\">\n\t\t\t\t<div class=\"elementor-element elementor-element-5d7875c elementor-position-left titulo elementor-mobile-position-left elementor-vertical-align-top elementor-view-default elementor-vertical-align-top elementor-widget elementor-widget-icon-box\" data-id=\"5d7875c\" data-element_type=\"widget\" data-widget_type=\"icon-box.default\">\n\t\t\t\t<div class=\"elementor-widget-container\">\n\t\t\t\t\t<div class=\"elementor-icon-box-wrapper\">\n\n\t\t\t\t\t\t<div class=\"elementor-icon-box-icon\">\n\t\t\t\t<span  class=\"elementor-icon elementor-animation-\">\n\t\t\t\t<svg aria-hidden=\"true\" class=\"e-font-icon-svg e-fas-square-full\" viewBox=\"0 0 512 512\" xmlns=\"http:\/\/www.w3.org\/2000\/svg\"><path d=\"M512 512H0V0h512v512z\"><\/path><\/svg>\t\t\t\t<\/span>\n\t\t\t<\/div>\n\t\t\t\n\t\t\t\t\t\t<div class=\"elementor-icon-box-content\">\n\n\t\t\t\t\t\t\t\t\t<h3 class=\"elementor-icon-box-title\">\n\t\t\t\t\t\t<span  >\n\t\t\t\t\t\t\t<br> En savoir plus sur le processus\t\t\t\t\t\t<\/span>\n\t\t\t\t\t<\/h3>\n\t\t\t\t\n\t\t\t\t\n\t\t\t<\/div>\n\t\t\t\n\t\t<\/div>\n\t\t\t\t<\/div>\n\t\t\t\t<\/div>\n\t\t\t\t<div class=\"elementor-element elementor-element-7eb9559 elementor-widget__width-initial elementor-widget elementor-widget-toggle\" data-id=\"7eb9559\" data-element_type=\"widget\" data-widget_type=\"toggle.default\">\n\t\t\t\t<div class=\"elementor-widget-container\">\n\t\t\t\t\t<div class=\"elementor-toggle\">\n\t\t\t\t\t\t\t<div class=\"elementor-toggle-item\">\n\t\t\t\t\t<h5 id=\"elementor-tab-title-1321\" class=\"elementor-tab-title\" data-tab=\"1\" role=\"button\" aria-controls=\"elementor-tab-content-1321\" aria-expanded=\"false\">\n\t\t\t\t\t\t\t\t\t\t\t\t<a class=\"elementor-toggle-title\" tabindex=\"0\"><span style=\"color:#D2D2D2\">01<\/span> Bref<\/a>\n\t\t\t\t\t<\/h5>\n\n\t\t\t\t\t<div id=\"elementor-tab-content-1321\" class=\"elementor-tab-content elementor-clearfix\" data-tab=\"1\" role=\"region\" aria-labelledby=\"elementor-tab-title-1321\"><p>Lorem ipsum dolor sit amet, consectetur adipiscing elit, sed do eiusmod tempor incididunt ut labore et dolore magna aliqua.<\/p>\n<\/div>\n\t\t\t\t<\/div>\n\t\t\t\t\t\t\t<div class=\"elementor-toggle-item\">\n\t\t\t\t\t<h5 id=\"elementor-tab-title-1322\" class=\"elementor-tab-title\" data-tab=\"2\" role=\"button\" aria-controls=\"elementor-tab-content-1322\" aria-expanded=\"false\">\n\t\t\t\t\t\t\t\t\t\t\t\t<a class=\"elementor-toggle-title\" tabindex=\"0\"><span style=\"color:#D2D2D2\">02<\/span> Devis<\/a>\n\t\t\t\t\t<\/h5>\n\n\t\t\t\t\t<div id=\"elementor-tab-content-1322\" class=\"elementor-tab-content elementor-clearfix\" data-tab=\"2\" role=\"region\" aria-labelledby=\"elementor-tab-title-1322\"><p>Lorem ipsum dolor sit amet, consectetur adipiscing elit, sed do eiusmod tempor incididunt ut labore et dolore magna aliqua.<\/p>\n<\/div>\n\t\t\t\t<\/div>\n\t\t\t\t\t\t\t<div class=\"elementor-toggle-item\">\n\t\t\t\t\t<h5 id=\"elementor-tab-title-1323\" class=\"elementor-tab-title\" data-tab=\"3\" role=\"button\" aria-controls=\"elementor-tab-content-1323\" aria-expanded=\"false\">\n\t\t\t\t\t\t\t\t\t\t\t\t<a class=\"elementor-toggle-title\" tabindex=\"0\"><span style=\"color:#D2D2D2\">03<\/span> D\u00e9veloppement<\/a>\n\t\t\t\t\t<\/h5>\n\n\t\t\t\t\t<div id=\"elementor-tab-content-1323\" class=\"elementor-tab-content elementor-clearfix\" data-tab=\"3\" role=\"region\" aria-labelledby=\"elementor-tab-title-1323\"><p>Lorem ipsum dolor sit amet, consectetur adipiscing elit, sed do eiusmod tempor incididunt ut labore et dolore magna aliqua.<\/p>\n<\/div>\n\t\t\t\t<\/div>\n\t\t\t\t\t\t\t<div class=\"elementor-toggle-item\">\n\t\t\t\t\t<h5 id=\"elementor-tab-title-1324\" class=\"elementor-tab-title\" data-tab=\"4\" role=\"button\" aria-controls=\"elementor-tab-content-1324\" aria-expanded=\"false\">\n\t\t\t\t\t\t\t\t\t\t\t\t<a class=\"elementor-toggle-title\" tabindex=\"0\"><span style=\"color:#D2D2D2\">04<\/span> R\u00e9sultats<\/a>\n\t\t\t\t\t<\/h5>\n\n\t\t\t\t\t<div id=\"elementor-tab-content-1324\" class=\"elementor-tab-content elementor-clearfix\" data-tab=\"4\" role=\"region\" aria-labelledby=\"elementor-tab-title-1324\"><p>Lorem ipsum dolor sit amet, consectetur adipiscing elit, sed do eiusmod tempor incididunt ut labore et dolore magna aliqua.<\/p>\n<\/div>\n\t\t\t\t<\/div>\n\t\t\t\t\t\t\t\t<\/div>\n\t\t\t\t<\/div>\n\t\t\t\t<\/div>\n\t\t\t\t<\/div>\n\t\t<div class=\"elementor-element elementor-element-11bb949 e-con-full e-flex e-con e-child\" data-id=\"11bb949\" data-element_type=\"container\" data-settings=\"{&quot;background_background&quot;:&quot;classic&quot;}\">\n\t\t\t\t<div class=\"elementor-element elementor-element-5f34d26 elementor-widget elementor-widget-image\" data-id=\"5f34d26\" data-element_type=\"widget\" data-widget_type=\"image.default\">\n\t\t\t\t<div class=\"elementor-widget-container\">\n\t\t\t\t\t\t\t\t\t\t\t\t\t<img decoding=\"async\" width=\"1600\" height=\"2000\" src=\"https:\/\/renderme.pt\/wp-content\/uploads\/2024\/05\/07-copiar.jpg\" class=\"attachment-full size-full wp-image-1976\" alt=\"\" srcset=\"https:\/\/renderme.pt\/wp-content\/uploads\/2024\/05\/07-copiar.jpg 1600w, https:\/\/renderme.pt\/wp-content\/uploads\/2024\/05\/07-copiar-240x300.jpg 240w, https:\/\/renderme.pt\/wp-content\/uploads\/2024\/05\/07-copiar-819x1024.jpg 819w, https:\/\/renderme.pt\/wp-content\/uploads\/2024\/05\/07-copiar-768x960.jpg 768w, https:\/\/renderme.pt\/wp-content\/uploads\/2024\/05\/07-copiar-1229x1536.jpg 1229w\" sizes=\"(max-width: 1600px) 100vw, 1600px\" \/>\t\t\t\t\t\t\t\t\t\t\t\t\t<\/div>\n\t\t\t\t<\/div>\n\t\t\t\t<\/div>\n\t\t\t\t<\/div>\n\t\t<div class=\"elementor-element elementor-element-8b71648 e-con-full e-flex e-con e-parent\" data-id=\"8b71648\" data-element_type=\"container\" data-settings=\"{&quot;background_background&quot;:&quot;classic&quot;,&quot;background_motion_fx_motion_fx_scrolling&quot;:&quot;yes&quot;,&quot;background_motion_fx_translateY_effect&quot;:&quot;yes&quot;,&quot;background_motion_fx_translateY_speed&quot;:{&quot;unit&quot;:&quot;px&quot;,&quot;size&quot;:5,&quot;sizes&quot;:[]},&quot;background_motion_fx_devices&quot;:[&quot;desktop&quot;,&quot;tablet&quot;],&quot;background_motion_fx_translateY_affectedRange&quot;:{&quot;unit&quot;:&quot;%&quot;,&quot;size&quot;:&quot;&quot;,&quot;sizes&quot;:{&quot;start&quot;:0,&quot;end&quot;:100}}}\">\n\t\t\t\t<div class=\"elementor-element elementor-element-a6bf34f elementor-widget elementor-widget-heading\" data-id=\"a6bf34f\" data-element_type=\"widget\" data-widget_type=\"heading.default\">\n\t\t\t\t<div class=\"elementor-widget-container\">\n\t\t\t<h2 class=\"elementor-heading-title elementor-size-default\">Contactez nous<\/h2>\t\t<\/div>\n\t\t\t\t<\/div>\n\t\t\t\t<div class=\"elementor-element elementor-element-2bea900 elementor-headline--style-highlight elementor-widget elementor-widget-animated-headline\" data-id=\"2bea900\" data-element_type=\"widget\" data-settings=\"{&quot;highlighted_text&quot;:&quot;projet.&quot;,&quot;highlight_iteration_delay&quot;:7000,&quot;headline_style&quot;:&quot;highlight&quot;,&quot;marker&quot;:&quot;circle&quot;,&quot;loop&quot;:&quot;yes&quot;,&quot;highlight_animation_duration&quot;:1200}\" data-widget_type=\"animated-headline.default\">\n\t\t\t\t<div class=\"elementor-widget-container\">\n\t\t\t\t\t<h2 class=\"elementor-headline\">\n\t\t\t\t\t<span class=\"elementor-headline-plain-text elementor-headline-text-wrapper\">Am\u00e9liorez votre<\/span>\n\t\t\t\t<span class=\"elementor-headline-dynamic-wrapper elementor-headline-text-wrapper\">\n\t\t\t\t\t<span class=\"elementor-headline-dynamic-text elementor-headline-text-active\">projet.<\/span>\n\t\t\t\t<\/span>\n\t\t\t\t\t<span class=\"elementor-headline-plain-text elementor-headline-text-wrapper\"><br>  Demandez un devis !<\/span>\n\t\t\t\t\t<\/h2>\n\t\t\t\t<\/div>\n\t\t\t\t<\/div>\n\t\t\t\t<div class=\"elementor-element elementor-element-6142abd elementor-widget__width-auto elementor-align-center ctaheader elementor-widget elementor-widget-button\" data-id=\"6142abd\" data-element_type=\"widget\" data-widget_type=\"button.default\">\n\t\t\t\t<div class=\"elementor-widget-container\">\n\t\t\t\t\t\t\t<div class=\"elementor-button-wrapper\">\n\t\t\t\t\t<a class=\"elementor-button elementor-button-link elementor-size-sm\" href=\"https:\/\/renderme.pt\/contactos\/\">\n\t\t\t\t\t\t<span class=\"elementor-button-content-wrapper\">\n\t\t\t\t\t\t\t\t\t<span class=\"elementor-button-text\">Contactez nous<\/span>\n\t\t\t\t\t<\/span>\n\t\t\t\t\t<\/a>\n\t\t\t\t<\/div>\n\t\t\t\t\t\t<\/div>\n\t\t\t\t<\/div>\n\t\t\t\t<\/div>\n\t\t\t\t<\/div>\n\t\t","protected":false},"excerpt":{"rendered":"<p>Vid\u00e9o 3D Titre 1 Am\u00e9liorez votre vision gr\u00e2ce au rendu 3D et mettez en valeur tout le potentiel de vos projets. Transformez vos id\u00e9es en repr\u00e9sentations visuelles \u00e9tonnantes, d&rsquo;un r\u00e9alisme et d&rsquo;une pr\u00e9cision in\u00e9gal\u00e9s. Titre 2 Am\u00e9liorez votre vision gr\u00e2ce au rendu 3D et mettez en valeur tout le potentiel de vos projets. Transformez vos [&hellip;]<\/p>\n","protected":false},"author":1,"featured_media":0,"parent":0,"menu_order":0,"comment_status":"closed","ping_status":"closed","template":"","meta":{"footnotes":""},"class_list":["post-3047","page","type-page","status-publish","hentry"],"_links":{"self":[{"href":"https:\/\/renderme.pt\/fr\/wp-json\/wp\/v2\/pages\/3047","targetHints":{"allow":["GET"]}}],"collection":[{"href":"https:\/\/renderme.pt\/fr\/wp-json\/wp\/v2\/pages"}],"about":[{"href":"https:\/\/renderme.pt\/fr\/wp-json\/wp\/v2\/types\/page"}],"author":[{"embeddable":true,"href":"https:\/\/renderme.pt\/fr\/wp-json\/wp\/v2\/users\/1"}],"replies":[{"embeddable":true,"href":"https:\/\/renderme.pt\/fr\/wp-json\/wp\/v2\/comments?post=3047"}],"version-history":[{"count":2,"href":"https:\/\/renderme.pt\/fr\/wp-json\/wp\/v2\/pages\/3047\/revisions"}],"predecessor-version":[{"id":3055,"href":"https:\/\/renderme.pt\/fr\/wp-json\/wp\/v2\/pages\/3047\/revisions\/3055"}],"wp:attachment":[{"href":"https:\/\/renderme.pt\/fr\/wp-json\/wp\/v2\/media?parent=3047"}],"curies":[{"name":"wp","href":"https:\/\/api.w.org\/{rel}","templated":true}]}}