{"id":3046,"date":"2024-01-23T16:57:27","date_gmt":"2024-01-23T16:57:27","guid":{"rendered":"https:\/\/dev-render.teoria.agency\/pt\/maison-penedo\/"},"modified":"2024-09-12T08:26:59","modified_gmt":"2024-09-12T08:26:59","slug":"maison-penedo","status":"publish","type":"page","link":"https:\/\/renderme.pt\/fr\/maison-penedo\/","title":{"rendered":"Maison Penedo"},"content":{"rendered":"\t\t<div data-elementor-type=\"wp-page\" data-elementor-id=\"3046\" class=\"elementor elementor-3046 elementor-1133\" data-elementor-post-type=\"page\">\n\t\t\t\t<div class=\"elementor-element elementor-element-bd82822 e-flex e-con-boxed e-con e-parent\" data-id=\"bd82822\" data-element_type=\"container\">\n\t\t\t\t\t<div class=\"e-con-inner\">\n\t\t<div class=\"elementor-element elementor-element-0d5bf04 e-con-full e-flex e-con e-child\" data-id=\"0d5bf04\" data-element_type=\"container\">\n\t\t<div class=\"elementor-element elementor-element-b903198 e-flex e-con-boxed e-con e-child\" data-id=\"b903198\" data-element_type=\"container\">\n\t\t\t\t\t<div class=\"e-con-inner\">\n\t\t\t\t<div class=\"elementor-element elementor-element-f07ff43 elementor-widget elementor-widget-heading\" data-id=\"f07ff43\" data-element_type=\"widget\" data-widget_type=\"heading.default\">\n\t\t\t\t<div class=\"elementor-widget-container\">\n\t\t\t<h2 class=\"elementor-heading-title elementor-size-default\">PROJET<\/h2>\t\t<\/div>\n\t\t\t\t<\/div>\n\t\t\t\t<div class=\"elementor-element elementor-element-57963b7 elementor-widget elementor-widget-text-editor\" data-id=\"57963b7\" data-element_type=\"widget\" data-widget_type=\"text-editor.default\">\n\t\t\t\t<div class=\"elementor-widget-container\">\n\t\t\t\t\t\t\t<p>B\u00e2timent multifamilial<\/p>\n\t\t\t\t\t\t<\/div>\n\t\t\t\t<\/div>\n\t\t\t\t<div class=\"elementor-element elementor-element-7f41618 elementor-widget elementor-widget-heading\" data-id=\"7f41618\" data-element_type=\"widget\" data-widget_type=\"heading.default\">\n\t\t\t\t<div class=\"elementor-widget-container\">\n\t\t\t<h2 class=\"elementor-heading-title elementor-size-default\">SERVICE<\/h2>\t\t<\/div>\n\t\t\t\t<\/div>\n\t\t\t\t<div class=\"elementor-element elementor-element-8a7151a elementor-widget elementor-widget-text-editor\" data-id=\"8a7151a\" data-element_type=\"widget\" data-widget_type=\"text-editor.default\">\n\t\t\t\t<div class=\"elementor-widget-container\">\n\t\t\t\t\t\t\t<p>Images en 3D<\/p>\n\t\t\t\t\t\t<\/div>\n\t\t\t\t<\/div>\n\t\t\t\t<div class=\"elementor-element elementor-element-d52911b elementor-widget elementor-widget-heading\" data-id=\"d52911b\" data-element_type=\"widget\" data-widget_type=\"heading.default\">\n\t\t\t\t<div class=\"elementor-widget-container\">\n\t\t\t<h2 class=\"elementor-heading-title elementor-size-default\">LIEU \/ ANN\u00c9E<\/h2>\t\t<\/div>\n\t\t\t\t<\/div>\n\t\t\t\t<div class=\"elementor-element elementor-element-08f1427 elementor-widget elementor-widget-text-editor\" data-id=\"08f1427\" data-element_type=\"widget\" data-widget_type=\"text-editor.default\">\n\t\t\t\t<div class=\"elementor-widget-container\">\n\t\t\t\t\t\t\t<p>Marco de Canaveses, Portugal, 2021<\/p>\n\t\t\t\t\t\t<\/div>\n\t\t\t\t<\/div>\n\t\t\t\t\t<\/div>\n\t\t\t\t<\/div>\n\t\t\t\t<\/div>\n\t\t<div class=\"elementor-element elementor-element-d4d9217 e-con-full e-flex e-con e-child\" data-id=\"d4d9217\" data-element_type=\"container\">\n\t\t<div class=\"elementor-element elementor-element-afd9908 e-flex e-con-boxed e-con e-child\" data-id=\"afd9908\" data-element_type=\"container\">\n\t\t\t\t\t<div class=\"e-con-inner\">\n\t\t\t\t<div class=\"elementor-element elementor-element-d3fa1e7 elementor-widget elementor-widget-heading\" data-id=\"d3fa1e7\" data-element_type=\"widget\" data-widget_type=\"heading.default\">\n\t\t\t\t<div class=\"elementor-widget-container\">\n\t\t\t<h2 class=\"elementor-heading-title elementor-size-default\">ARCHITECTURE<\/h2>\t\t<\/div>\n\t\t\t\t<\/div>\n\t\t\t\t<div class=\"elementor-element elementor-element-1a4ef6c elementor-widget elementor-widget-text-editor\" data-id=\"1a4ef6c\" data-element_type=\"widget\" data-widget_type=\"text-editor.default\">\n\t\t\t\t<div class=\"elementor-widget-container\">\n\t\t\t\t\t\t\t<p>Th\u00f3los Architecture<\/p>\n\t\t\t\t\t\t<\/div>\n\t\t\t\t<\/div>\n\t\t\t\t\t<\/div>\n\t\t\t\t<\/div>\n\t\t\t\t<\/div>\n\t\t<div class=\"elementor-element elementor-element-9e7583b e-con-full elementor-hidden-tablet elementor-hidden-mobile e-flex e-con e-child\" data-id=\"9e7583b\" data-element_type=\"container\">\n\t\t\t\t<\/div>\n\t\t<div class=\"elementor-element elementor-element-831fbea e-con-full elementor-hidden-tablet elementor-hidden-mobile e-flex e-con e-child\" data-id=\"831fbea\" data-element_type=\"container\">\n\t\t\t\t<\/div>\n\t\t\t\t\t<\/div>\n\t\t\t\t<\/div>\n\t\t<div class=\"elementor-element elementor-element-5d03683 e-con-full e-flex e-con e-parent\" data-id=\"5d03683\" data-element_type=\"container\" data-settings=\"{&quot;background_background&quot;:&quot;video&quot;,&quot;background_video_link&quot;:&quot;https:\\\/\\\/vimeo.com\\\/996125528?share=copy#t=0&quot;,&quot;background_play_on_mobile&quot;:&quot;yes&quot;}\">\n\t\t<div class=\"elementor-background-video-container\">\n\t\t\t\t\t\t\t<div class=\"elementor-background-video-embed\"><\/div>\n\t\t\t\t\t\t<\/div>\t\t<\/div>\n\t\t<div class=\"elementor-element elementor-element-b18e471 e-con-full e-flex e-con e-parent\" data-id=\"b18e471\" data-element_type=\"container\">\n\t\t\t\t<div class=\"elementor-element elementor-element-97db7ea elementor-widget elementor-widget-heading\" data-id=\"97db7ea\" data-element_type=\"widget\" data-widget_type=\"heading.default\">\n\t\t\t\t<div class=\"elementor-widget-container\">\n\t\t\t<h2 class=\"elementor-heading-title elementor-size-default\">Notre mission<\/h2>\t\t<\/div>\n\t\t\t\t<\/div>\n\t\t\t\t<div class=\"elementor-element elementor-element-77c9c9e elementor-widget elementor-widget-text-editor\" data-id=\"77c9c9e\" data-element_type=\"widget\" data-widget_type=\"text-editor.default\">\n\t\t\t\t<div class=\"elementor-widget-container\">\n\t\t\t\t\t\t\t<p>La r\u00e9alisation des rendus pour le projet Casa do Penedo a \u00e9t\u00e9 un d\u00e9fi \u00e0 la fois passionnant et complexe. En repr\u00e9sentant une r\u00e9sidence aussi unique et int\u00e9gr\u00e9e dans le paysage, notre \u00e9quipe a d\u00fb capturer l&rsquo;essence de l&rsquo;architecture contemporaine en harmonie avec la nature environnante. Ce processus a impliqu\u00e9 une reproduction minutieuse du b\u00e9ton apparent et des d\u00e9tails en bois lamell\u00e9, en veillant \u00e0 respecter fid\u00e8lement les plans de l&rsquo;architecte. De plus, l&rsquo;int\u00e9gration des deux pierres en tant qu&rsquo;\u00e9l\u00e9ments centraux du d\u00e9cor a n\u00e9cessit\u00e9 un \u00e9quilibre d\u00e9licat entre r\u00e9alisme et composition artistique. En surmontant ces d\u00e9fis techniques et cr\u00e9atifs, nous avons r\u00e9ussi \u00e0 cr\u00e9er des images photor\u00e9alistes qui refl\u00e8tent non seulement la beaut\u00e9 et l&rsquo;unicit\u00e9 du projet, mais aussi la sensation de s\u00e9r\u00e9nit\u00e9 et d&rsquo;admiration que la Casa do Penedo inspire \u00e0 ses spectateurs.    <\/p>\n\t\t\t\t\t\t<\/div>\n\t\t\t\t<\/div>\n\t\t\t\t<\/div>\n\t\t<div class=\"elementor-element elementor-element-0c9ac15 e-con-full e-flex e-con e-parent\" data-id=\"0c9ac15\" data-element_type=\"container\">\n\t\t<div class=\"elementor-element elementor-element-4b405e2 e-con-full e-flex e-con e-child\" data-id=\"4b405e2\" data-element_type=\"container\">\n\t\t\t\t<div class=\"elementor-element elementor-element-afe2c7d elementor-widget elementor-widget-image\" data-id=\"afe2c7d\" data-element_type=\"widget\" data-widget_type=\"image.default\">\n\t\t\t\t<div class=\"elementor-widget-container\">\n\t\t\t\t\t\t\t\t\t\t\t\t\t<img fetchpriority=\"high\" decoding=\"async\" width=\"2560\" height=\"1920\" src=\"https:\/\/renderme.pt\/wp-content\/uploads\/2024\/09\/IMG_20201021_183147-scaled.jpg\" class=\"attachment-full size-full wp-image-2622\" alt=\"\" srcset=\"https:\/\/renderme.pt\/wp-content\/uploads\/2024\/09\/IMG_20201021_183147-scaled.jpg 2560w, https:\/\/renderme.pt\/wp-content\/uploads\/2024\/09\/IMG_20201021_183147-300x225.jpg 300w, https:\/\/renderme.pt\/wp-content\/uploads\/2024\/09\/IMG_20201021_183147-1024x768.jpg 1024w, https:\/\/renderme.pt\/wp-content\/uploads\/2024\/09\/IMG_20201021_183147-768x576.jpg 768w, https:\/\/renderme.pt\/wp-content\/uploads\/2024\/09\/IMG_20201021_183147-1536x1152.jpg 1536w, https:\/\/renderme.pt\/wp-content\/uploads\/2024\/09\/IMG_20201021_183147-2048x1536.jpg 2048w\" sizes=\"(max-width: 2560px) 100vw, 2560px\" \/>\t\t\t\t\t\t\t\t\t\t\t\t\t<\/div>\n\t\t\t\t<\/div>\n\t\t\t\t<\/div>\n\t\t<div class=\"elementor-element elementor-element-3b94246 e-con-full e-flex e-con e-child\" data-id=\"3b94246\" data-element_type=\"container\">\n\t\t\t\t<div class=\"elementor-element elementor-element-8bb88a3 elementor-widget elementor-widget-image\" data-id=\"8bb88a3\" data-element_type=\"widget\" data-widget_type=\"image.default\">\n\t\t\t\t<div class=\"elementor-widget-container\">\n\t\t\t\t\t\t\t\t\t\t\t\t\t<img decoding=\"async\" width=\"2560\" height=\"1920\" src=\"https:\/\/renderme.pt\/wp-content\/uploads\/2024\/09\/IMG_20201021_183311-scaled.jpg\" class=\"attachment-full size-full wp-image-2620\" alt=\"\" srcset=\"https:\/\/renderme.pt\/wp-content\/uploads\/2024\/09\/IMG_20201021_183311-scaled.jpg 2560w, https:\/\/renderme.pt\/wp-content\/uploads\/2024\/09\/IMG_20201021_183311-300x225.jpg 300w, https:\/\/renderme.pt\/wp-content\/uploads\/2024\/09\/IMG_20201021_183311-1024x768.jpg 1024w, https:\/\/renderme.pt\/wp-content\/uploads\/2024\/09\/IMG_20201021_183311-768x576.jpg 768w, https:\/\/renderme.pt\/wp-content\/uploads\/2024\/09\/IMG_20201021_183311-1536x1152.jpg 1536w, https:\/\/renderme.pt\/wp-content\/uploads\/2024\/09\/IMG_20201021_183311-2048x1536.jpg 2048w\" sizes=\"(max-width: 2560px) 100vw, 2560px\" \/>\t\t\t\t\t\t\t\t\t\t\t\t\t<\/div>\n\t\t\t\t<\/div>\n\t\t\t\t<\/div>\n\t\t<div class=\"elementor-element elementor-element-9b976cf e-con-full e-flex e-con e-child\" data-id=\"9b976cf\" data-element_type=\"container\">\n\t\t\t\t<div class=\"elementor-element elementor-element-32caec0 elementor-widget elementor-widget-image\" data-id=\"32caec0\" data-element_type=\"widget\" data-widget_type=\"image.default\">\n\t\t\t\t<div class=\"elementor-widget-container\">\n\t\t\t\t\t\t\t\t\t\t\t\t\t<img decoding=\"async\" width=\"2560\" height=\"1920\" src=\"https:\/\/renderme.pt\/wp-content\/uploads\/2024\/09\/IMG_20201021_183217-scaled.jpg\" class=\"attachment-full size-full wp-image-2621\" alt=\"\" srcset=\"https:\/\/renderme.pt\/wp-content\/uploads\/2024\/09\/IMG_20201021_183217-scaled.jpg 2560w, https:\/\/renderme.pt\/wp-content\/uploads\/2024\/09\/IMG_20201021_183217-300x225.jpg 300w, https:\/\/renderme.pt\/wp-content\/uploads\/2024\/09\/IMG_20201021_183217-1024x768.jpg 1024w, https:\/\/renderme.pt\/wp-content\/uploads\/2024\/09\/IMG_20201021_183217-768x576.jpg 768w, https:\/\/renderme.pt\/wp-content\/uploads\/2024\/09\/IMG_20201021_183217-1536x1152.jpg 1536w, https:\/\/renderme.pt\/wp-content\/uploads\/2024\/09\/IMG_20201021_183217-2048x1536.jpg 2048w\" sizes=\"(max-width: 2560px) 100vw, 2560px\" \/>\t\t\t\t\t\t\t\t\t\t\t\t\t<\/div>\n\t\t\t\t<\/div>\n\t\t\t\t<\/div>\n\t\t\t\t<\/div>\n\t\t<div class=\"elementor-element elementor-element-4d9dfa6 e-con-full e-flex e-con e-parent\" data-id=\"4d9dfa6\" data-element_type=\"container\">\n\t\t\t\t<div class=\"elementor-element elementor-element-eb40395 titulo elementor-vertical-align-top elementor-vertical-align-top elementor-widget elementor-widget-icon-box\" data-id=\"eb40395\" data-element_type=\"widget\" data-widget_type=\"icon-box.default\">\n\t\t\t\t<div class=\"elementor-widget-container\">\n\t\t\t\t\t<div class=\"elementor-icon-box-wrapper\">\n\n\t\t\t\n\t\t\t\t\t\t<div class=\"elementor-icon-box-content\">\n\n\t\t\t\t\t\t\t\t\t<h3 class=\"elementor-icon-box-title\">\n\t\t\t\t\t\t<span  >\n\t\t\t\t\t\t\tRendu final\t\t\t\t\t\t<\/span>\n\t\t\t\t\t<\/h3>\n\t\t\t\t\n\t\t\t\t\n\t\t\t<\/div>\n\t\t\t\n\t\t<\/div>\n\t\t\t\t<\/div>\n\t\t\t\t<\/div>\n\t\t\t\t<div class=\"elementor-element elementor-element-f4c057e elementor-widget elementor-widget-image\" data-id=\"f4c057e\" data-element_type=\"widget\" data-widget_type=\"image.default\">\n\t\t\t\t<div class=\"elementor-widget-container\">\n\t\t\t\t\t\t\t\t\t\t\t\t\t<img loading=\"lazy\" decoding=\"async\" width=\"2000\" height=\"2500\" src=\"https:\/\/renderme.pt\/wp-content\/uploads\/2024\/09\/01d.jpg\" class=\"attachment-full size-full wp-image-2628\" alt=\"\" srcset=\"https:\/\/renderme.pt\/wp-content\/uploads\/2024\/09\/01d.jpg 2000w, https:\/\/renderme.pt\/wp-content\/uploads\/2024\/09\/01d-240x300.jpg 240w, https:\/\/renderme.pt\/wp-content\/uploads\/2024\/09\/01d-819x1024.jpg 819w, https:\/\/renderme.pt\/wp-content\/uploads\/2024\/09\/01d-768x960.jpg 768w, https:\/\/renderme.pt\/wp-content\/uploads\/2024\/09\/01d-1229x1536.jpg 1229w, https:\/\/renderme.pt\/wp-content\/uploads\/2024\/09\/01d-1638x2048.jpg 1638w\" sizes=\"(max-width: 2000px) 100vw, 2000px\" \/>\t\t\t\t\t\t\t\t\t\t\t\t\t<\/div>\n\t\t\t\t<\/div>\n\t\t\t\t<div class=\"elementor-element elementor-element-ca335f3 elementor-widget elementor-widget-image\" data-id=\"ca335f3\" data-element_type=\"widget\" data-widget_type=\"image.default\">\n\t\t\t\t<div class=\"elementor-widget-container\">\n\t\t\t\t\t\t\t\t\t\t\t\t\t<img loading=\"lazy\" decoding=\"async\" width=\"2560\" height=\"1440\" src=\"https:\/\/renderme.pt\/wp-content\/uploads\/2024\/09\/05D-1-scaled.jpg\" class=\"attachment-full size-full wp-image-2625\" alt=\"\" srcset=\"https:\/\/renderme.pt\/wp-content\/uploads\/2024\/09\/05D-1-scaled.jpg 2560w, https:\/\/renderme.pt\/wp-content\/uploads\/2024\/09\/05D-1-300x169.jpg 300w, https:\/\/renderme.pt\/wp-content\/uploads\/2024\/09\/05D-1-1024x576.jpg 1024w, https:\/\/renderme.pt\/wp-content\/uploads\/2024\/09\/05D-1-768x432.jpg 768w, https:\/\/renderme.pt\/wp-content\/uploads\/2024\/09\/05D-1-1536x864.jpg 1536w, https:\/\/renderme.pt\/wp-content\/uploads\/2024\/09\/05D-1-2048x1152.jpg 2048w\" sizes=\"(max-width: 2560px) 100vw, 2560px\" \/>\t\t\t\t\t\t\t\t\t\t\t\t\t<\/div>\n\t\t\t\t<\/div>\n\t\t\t\t<div class=\"elementor-element elementor-element-9f69062 elementor-widget elementor-widget-image\" data-id=\"9f69062\" data-element_type=\"widget\" data-widget_type=\"image.default\">\n\t\t\t\t<div class=\"elementor-widget-container\">\n\t\t\t\t\t\t\t\t\t\t\t\t\t<img loading=\"lazy\" decoding=\"async\" width=\"2000\" height=\"2500\" src=\"https:\/\/renderme.pt\/wp-content\/uploads\/2024\/09\/01.jpg\" class=\"attachment-full size-full wp-image-2629\" alt=\"\" srcset=\"https:\/\/renderme.pt\/wp-content\/uploads\/2024\/09\/01.jpg 2000w, https:\/\/renderme.pt\/wp-content\/uploads\/2024\/09\/01-240x300.jpg 240w, https:\/\/renderme.pt\/wp-content\/uploads\/2024\/09\/01-819x1024.jpg 819w, https:\/\/renderme.pt\/wp-content\/uploads\/2024\/09\/01-768x960.jpg 768w, https:\/\/renderme.pt\/wp-content\/uploads\/2024\/09\/01-1229x1536.jpg 1229w, https:\/\/renderme.pt\/wp-content\/uploads\/2024\/09\/01-1638x2048.jpg 1638w\" sizes=\"(max-width: 2000px) 100vw, 2000px\" \/>\t\t\t\t\t\t\t\t\t\t\t\t\t<\/div>\n\t\t\t\t<\/div>\n\t\t\t\t<\/div>\n\t\t<div class=\"elementor-element elementor-element-93e2e7f e-con-full e-flex e-con e-parent\" data-id=\"93e2e7f\" data-element_type=\"container\">\n\t\t<div class=\"elementor-element elementor-element-2975d9c e-con-full e-flex e-con e-child\" data-id=\"2975d9c\" data-element_type=\"container\">\n\t\t\t\t<div class=\"elementor-element elementor-element-929e5c5 elementor-widget elementor-widget-image\" data-id=\"929e5c5\" data-element_type=\"widget\" data-widget_type=\"image.default\">\n\t\t\t\t<div class=\"elementor-widget-container\">\n\t\t\t\t\t\t\t\t\t\t\t\t\t<img loading=\"lazy\" decoding=\"async\" width=\"2000\" height=\"2500\" src=\"https:\/\/renderme.pt\/wp-content\/uploads\/2024\/09\/4d1.jpg\" class=\"attachment-full size-full wp-image-2626\" alt=\"\" srcset=\"https:\/\/renderme.pt\/wp-content\/uploads\/2024\/09\/4d1.jpg 2000w, https:\/\/renderme.pt\/wp-content\/uploads\/2024\/09\/4d1-240x300.jpg 240w, https:\/\/renderme.pt\/wp-content\/uploads\/2024\/09\/4d1-819x1024.jpg 819w, https:\/\/renderme.pt\/wp-content\/uploads\/2024\/09\/4d1-768x960.jpg 768w, https:\/\/renderme.pt\/wp-content\/uploads\/2024\/09\/4d1-1229x1536.jpg 1229w, https:\/\/renderme.pt\/wp-content\/uploads\/2024\/09\/4d1-1638x2048.jpg 1638w\" sizes=\"(max-width: 2000px) 100vw, 2000px\" \/>\t\t\t\t\t\t\t\t\t\t\t\t\t<\/div>\n\t\t\t\t<\/div>\n\t\t\t\t<\/div>\n\t\t<div class=\"elementor-element elementor-element-615f6db e-con-full e-flex e-con e-child\" data-id=\"615f6db\" data-element_type=\"container\">\n\t\t\t\t<div class=\"elementor-element elementor-element-fb08681 elementor-widget elementor-widget-image\" data-id=\"fb08681\" data-element_type=\"widget\" data-widget_type=\"image.default\">\n\t\t\t\t<div class=\"elementor-widget-container\">\n\t\t\t\t\t\t\t\t\t\t\t\t\t<img loading=\"lazy\" decoding=\"async\" width=\"2000\" height=\"2500\" src=\"https:\/\/renderme.pt\/wp-content\/uploads\/2024\/09\/04.jpg\" class=\"attachment-full size-full wp-image-2627\" alt=\"\" srcset=\"https:\/\/renderme.pt\/wp-content\/uploads\/2024\/09\/04.jpg 2000w, https:\/\/renderme.pt\/wp-content\/uploads\/2024\/09\/04-240x300.jpg 240w, https:\/\/renderme.pt\/wp-content\/uploads\/2024\/09\/04-819x1024.jpg 819w, https:\/\/renderme.pt\/wp-content\/uploads\/2024\/09\/04-768x960.jpg 768w, https:\/\/renderme.pt\/wp-content\/uploads\/2024\/09\/04-1229x1536.jpg 1229w, https:\/\/renderme.pt\/wp-content\/uploads\/2024\/09\/04-1638x2048.jpg 1638w\" sizes=\"(max-width: 2000px) 100vw, 2000px\" \/>\t\t\t\t\t\t\t\t\t\t\t\t\t<\/div>\n\t\t\t\t<\/div>\n\t\t\t\t<\/div>\n\t\t\t\t<\/div>\n\t\t<div class=\"elementor-element elementor-element-39876d6 e-con-full e-flex e-con e-parent\" data-id=\"39876d6\" data-element_type=\"container\">\n\t\t\t\t<div class=\"elementor-element elementor-element-9ec964d elementor-widget elementor-widget-image\" data-id=\"9ec964d\" data-element_type=\"widget\" data-widget_type=\"image.default\">\n\t\t\t\t<div class=\"elementor-widget-container\">\n\t\t\t\t\t\t\t\t\t\t\t\t\t<img loading=\"lazy\" decoding=\"async\" width=\"2500\" height=\"2500\" src=\"https:\/\/renderme.pt\/wp-content\/uploads\/2024\/09\/06D.jpg\" class=\"attachment-full size-full wp-image-2623\" alt=\"\" srcset=\"https:\/\/renderme.pt\/wp-content\/uploads\/2024\/09\/06D.jpg 2500w, https:\/\/renderme.pt\/wp-content\/uploads\/2024\/09\/06D-300x300.jpg 300w, https:\/\/renderme.pt\/wp-content\/uploads\/2024\/09\/06D-1024x1024.jpg 1024w, https:\/\/renderme.pt\/wp-content\/uploads\/2024\/09\/06D-150x150.jpg 150w, https:\/\/renderme.pt\/wp-content\/uploads\/2024\/09\/06D-768x768.jpg 768w, https:\/\/renderme.pt\/wp-content\/uploads\/2024\/09\/06D-1536x1536.jpg 1536w, https:\/\/renderme.pt\/wp-content\/uploads\/2024\/09\/06D-2048x2048.jpg 2048w\" sizes=\"(max-width: 2500px) 100vw, 2500px\" \/>\t\t\t\t\t\t\t\t\t\t\t\t\t<\/div>\n\t\t\t\t<\/div>\n\t\t\t\t<\/div>\n\t\t\t\t<\/div>\n\t\t","protected":false},"excerpt":{"rendered":"<p>PROJET B\u00e2timent multifamilial SERVICE Images en 3D LIEU \/ ANN\u00c9E Marco de Canaveses, Portugal, 2021 ARCHITECTURE Th\u00f3los Architecture Notre mission La r\u00e9alisation des rendus pour le projet Casa do Penedo a \u00e9t\u00e9 un d\u00e9fi \u00e0 la fois passionnant et complexe. En repr\u00e9sentant une r\u00e9sidence aussi unique et int\u00e9gr\u00e9e dans le paysage, notre \u00e9quipe a d\u00fb [&hellip;]<\/p>\n","protected":false},"author":1,"featured_media":0,"parent":0,"menu_order":0,"comment_status":"closed","ping_status":"closed","template":"","meta":{"footnotes":""},"class_list":["post-3046","page","type-page","status-publish","hentry"],"_links":{"self":[{"href":"https:\/\/renderme.pt\/fr\/wp-json\/wp\/v2\/pages\/3046","targetHints":{"allow":["GET"]}}],"collection":[{"href":"https:\/\/renderme.pt\/fr\/wp-json\/wp\/v2\/pages"}],"about":[{"href":"https:\/\/renderme.pt\/fr\/wp-json\/wp\/v2\/types\/page"}],"author":[{"embeddable":true,"href":"https:\/\/renderme.pt\/fr\/wp-json\/wp\/v2\/users\/1"}],"replies":[{"embeddable":true,"href":"https:\/\/renderme.pt\/fr\/wp-json\/wp\/v2\/comments?post=3046"}],"version-history":[{"count":5,"href":"https:\/\/renderme.pt\/fr\/wp-json\/wp\/v2\/pages\/3046\/revisions"}],"predecessor-version":[{"id":3273,"href":"https:\/\/renderme.pt\/fr\/wp-json\/wp\/v2\/pages\/3046\/revisions\/3273"}],"wp:attachment":[{"href":"https:\/\/renderme.pt\/fr\/wp-json\/wp\/v2\/media?parent=3046"}],"curies":[{"name":"wp","href":"https:\/\/api.w.org\/{rel}","templated":true}]}}