{"id":3045,"date":"2024-09-10T23:32:56","date_gmt":"2024-09-10T23:32:56","guid":{"rendered":"https:\/\/dev-render.teoria.agency\/pt\/juste-le-douro\/"},"modified":"2024-09-12T09:01:28","modified_gmt":"2024-09-12T09:01:28","slug":"juste-le-douro","status":"publish","type":"page","link":"https:\/\/renderme.pt\/fr\/juste-le-douro\/","title":{"rendered":"Just Douro"},"content":{"rendered":"\t\t<div data-elementor-type=\"wp-page\" data-elementor-id=\"3045\" class=\"elementor elementor-3045 elementor-2649\" data-elementor-post-type=\"page\">\n\t\t\t\t<div class=\"elementor-element elementor-element-bd82822 e-flex e-con-boxed e-con e-parent\" data-id=\"bd82822\" data-element_type=\"container\">\n\t\t\t\t\t<div class=\"e-con-inner\">\n\t\t<div class=\"elementor-element elementor-element-0d5bf04 e-con-full e-flex e-con e-child\" data-id=\"0d5bf04\" data-element_type=\"container\">\n\t\t<div class=\"elementor-element elementor-element-b903198 e-flex e-con-boxed e-con e-child\" data-id=\"b903198\" data-element_type=\"container\">\n\t\t\t\t\t<div class=\"e-con-inner\">\n\t\t\t\t<div class=\"elementor-element elementor-element-f07ff43 elementor-widget elementor-widget-heading\" data-id=\"f07ff43\" data-element_type=\"widget\" data-widget_type=\"heading.default\">\n\t\t\t\t<div class=\"elementor-widget-container\">\n\t\t\t<h2 class=\"elementor-heading-title elementor-size-default\">PROJET<\/h2>\t\t<\/div>\n\t\t\t\t<\/div>\n\t\t\t\t<div class=\"elementor-element elementor-element-57963b7 elementor-widget elementor-widget-text-editor\" data-id=\"57963b7\" data-element_type=\"widget\" data-widget_type=\"text-editor.default\">\n\t\t\t\t<div class=\"elementor-widget-container\">\n\t\t\t\t\t\t\t<p>Condominium r\u00e9sidentiel<\/p>\n\t\t\t\t\t\t<\/div>\n\t\t\t\t<\/div>\n\t\t\t\t<div class=\"elementor-element elementor-element-7f41618 elementor-widget elementor-widget-heading\" data-id=\"7f41618\" data-element_type=\"widget\" data-widget_type=\"heading.default\">\n\t\t\t\t<div class=\"elementor-widget-container\">\n\t\t\t<h2 class=\"elementor-heading-title elementor-size-default\">SERVICE<\/h2>\t\t<\/div>\n\t\t\t\t<\/div>\n\t\t\t\t<div class=\"elementor-element elementor-element-8a7151a elementor-widget elementor-widget-text-editor\" data-id=\"8a7151a\" data-element_type=\"widget\" data-widget_type=\"text-editor.default\">\n\t\t\t\t<div class=\"elementor-widget-container\">\n\t\t\t\t\t\t\t<p>Images en 3D<\/p>\n\t\t\t\t\t\t<\/div>\n\t\t\t\t<\/div>\n\t\t\t\t<div class=\"elementor-element elementor-element-d52911b elementor-widget elementor-widget-heading\" data-id=\"d52911b\" data-element_type=\"widget\" data-widget_type=\"heading.default\">\n\t\t\t\t<div class=\"elementor-widget-container\">\n\t\t\t<h2 class=\"elementor-heading-title elementor-size-default\">LIEU \/ ANN\u00c9E<\/h2>\t\t<\/div>\n\t\t\t\t<\/div>\n\t\t\t\t<div class=\"elementor-element elementor-element-08f1427 elementor-widget elementor-widget-text-editor\" data-id=\"08f1427\" data-element_type=\"widget\" data-widget_type=\"text-editor.default\">\n\t\t\t\t<div class=\"elementor-widget-container\">\n\t\t\t\t\t\t\t<p>Alpendorada, Portugal, 2023<\/p>\n\t\t\t\t\t\t<\/div>\n\t\t\t\t<\/div>\n\t\t\t\t\t<\/div>\n\t\t\t\t<\/div>\n\t\t\t\t<\/div>\n\t\t<div class=\"elementor-element elementor-element-d4d9217 e-con-full e-flex e-con e-child\" data-id=\"d4d9217\" data-element_type=\"container\">\n\t\t<div class=\"elementor-element elementor-element-afd9908 e-flex e-con-boxed e-con e-child\" data-id=\"afd9908\" data-element_type=\"container\">\n\t\t\t\t\t<div class=\"e-con-inner\">\n\t\t\t\t<div class=\"elementor-element elementor-element-d3fa1e7 elementor-widget elementor-widget-heading\" data-id=\"d3fa1e7\" data-element_type=\"widget\" data-widget_type=\"heading.default\">\n\t\t\t\t<div class=\"elementor-widget-container\">\n\t\t\t<h2 class=\"elementor-heading-title elementor-size-default\">ARCHITECTURE<\/h2>\t\t<\/div>\n\t\t\t\t<\/div>\n\t\t\t\t<div class=\"elementor-element elementor-element-1a4ef6c elementor-widget elementor-widget-text-editor\" data-id=\"1a4ef6c\" data-element_type=\"widget\" data-widget_type=\"text-editor.default\">\n\t\t\t\t<div class=\"elementor-widget-container\">\n\t\t\t\t\t\t\t<p>Bruno COSVI Architecture<\/p>\n\t\t\t\t\t\t<\/div>\n\t\t\t\t<\/div>\n\t\t\t\t<div class=\"elementor-element elementor-element-874c830 elementor-widget elementor-widget-heading\" data-id=\"874c830\" data-element_type=\"widget\" data-widget_type=\"heading.default\">\n\t\t\t\t<div class=\"elementor-widget-container\">\n\t\t\t<h2 class=\"elementor-heading-title elementor-size-default\">ARCHITECTURE<\/h2>\t\t<\/div>\n\t\t\t\t<\/div>\n\t\t\t\t<div class=\"elementor-element elementor-element-776cfa8 elementor-widget elementor-widget-text-editor\" data-id=\"776cfa8\" data-element_type=\"widget\" data-widget_type=\"text-editor.default\">\n\t\t\t\t<div class=\"elementor-widget-container\">\n\t\t\t\t\t\t\t<p>Architecture ACO<\/p>\n\t\t\t\t\t\t<\/div>\n\t\t\t\t<\/div>\n\t\t\t\t\t<\/div>\n\t\t\t\t<\/div>\n\t\t\t\t<\/div>\n\t\t<div class=\"elementor-element elementor-element-9e7583b e-con-full elementor-hidden-tablet elementor-hidden-mobile e-flex e-con e-child\" data-id=\"9e7583b\" data-element_type=\"container\">\n\t\t\t\t<\/div>\n\t\t<div class=\"elementor-element elementor-element-831fbea e-con-full elementor-hidden-tablet elementor-hidden-mobile e-flex e-con e-child\" data-id=\"831fbea\" data-element_type=\"container\">\n\t\t\t\t<\/div>\n\t\t\t\t\t<\/div>\n\t\t\t\t<\/div>\n\t\t<div class=\"elementor-element elementor-element-5d03683 e-con-full e-flex e-con e-parent\" data-id=\"5d03683\" data-element_type=\"container\" data-settings=\"{&quot;background_background&quot;:&quot;classic&quot;}\">\n\t\t\t\t<\/div>\n\t\t<div class=\"elementor-element elementor-element-b18e471 e-con-full e-flex e-con e-parent\" data-id=\"b18e471\" data-element_type=\"container\">\n\t\t\t\t<div class=\"elementor-element elementor-element-97db7ea elementor-widget elementor-widget-heading\" data-id=\"97db7ea\" data-element_type=\"widget\" data-widget_type=\"heading.default\">\n\t\t\t\t<div class=\"elementor-widget-container\">\n\t\t\t<h2 class=\"elementor-heading-title elementor-size-default\">Notre mission<\/h2>\t\t<\/div>\n\t\t\t\t<\/div>\n\t\t\t\t<div class=\"elementor-element elementor-element-77c9c9e elementor-widget elementor-widget-text-editor\" data-id=\"77c9c9e\" data-element_type=\"widget\" data-widget_type=\"text-editor.default\">\n\t\t\t\t<div class=\"elementor-widget-container\">\n\t\t\t\t\t\t\t<p>Cr\u00e9er des images 3D pour le projet de r\u00e9novation d&rsquo;une ancienne maison dans la pittoresque r\u00e9gion du Douro, au Portugal, a \u00e9t\u00e9 un voyage visant \u00e0 harmoniser le pass\u00e9 et le pr\u00e9sent. En int\u00e9grant des \u00e9l\u00e9ments modernes, tels que le b\u00e9ton apparent et un claustra en triangles s&rsquo;\u00e9tendant sur toute la fa\u00e7ade, nous avons cherch\u00e9 non seulement \u00e0 r\u00e9nover, mais aussi \u00e0 revitaliser l&rsquo;essence historique de la r\u00e9sidence. Dans ce contexte, chaque image 3D est devenue une pi\u00e8ce d&rsquo;un puzzle visuel, o\u00f9 la rusticit\u00e9 de l&rsquo;ancien se marie harmonieusement avec la sophistication du contemporain, refl\u00e9tant la richesse culturelle et le paysage \u00e9poustouflant de la r\u00e9gion du Douro.  <\/p>\n\t\t\t\t\t\t<\/div>\n\t\t\t\t<\/div>\n\t\t\t\t<\/div>\n\t\t<div class=\"elementor-element elementor-element-26b748d e-con-full e-flex e-con e-parent\" data-id=\"26b748d\" data-element_type=\"container\">\n\t\t\t\t<div class=\"elementor-element elementor-element-6f8ba10 elementor-widget elementor-widget-image\" data-id=\"6f8ba10\" data-element_type=\"widget\" data-widget_type=\"image.default\">\n\t\t\t\t<div class=\"elementor-widget-container\">\n\t\t\t\t\t\t\t\t\t\t\t\t\t<img fetchpriority=\"high\" decoding=\"async\" width=\"2560\" height=\"1440\" src=\"https:\/\/renderme.pt\/wp-content\/uploads\/2024\/09\/EXTERNA04-copiar-1-scaled.jpg\" class=\"attachment-full size-full wp-image-2654\" alt=\"\" srcset=\"https:\/\/renderme.pt\/wp-content\/uploads\/2024\/09\/EXTERNA04-copiar-1-scaled.jpg 2560w, https:\/\/renderme.pt\/wp-content\/uploads\/2024\/09\/EXTERNA04-copiar-1-300x169.jpg 300w, https:\/\/renderme.pt\/wp-content\/uploads\/2024\/09\/EXTERNA04-copiar-1-1024x576.jpg 1024w, https:\/\/renderme.pt\/wp-content\/uploads\/2024\/09\/EXTERNA04-copiar-1-768x432.jpg 768w, https:\/\/renderme.pt\/wp-content\/uploads\/2024\/09\/EXTERNA04-copiar-1-1536x864.jpg 1536w, https:\/\/renderme.pt\/wp-content\/uploads\/2024\/09\/EXTERNA04-copiar-1-2048x1152.jpg 2048w\" sizes=\"(max-width: 2560px) 100vw, 2560px\" \/>\t\t\t\t\t\t\t\t\t\t\t\t\t<\/div>\n\t\t\t\t<\/div>\n\t\t\t\t<\/div>\n\t\t<div class=\"elementor-element elementor-element-afe5ed3 e-flex e-con-boxed e-con e-parent\" data-id=\"afe5ed3\" data-element_type=\"container\">\n\t\t\t\t\t<div class=\"e-con-inner\">\n\t\t<div class=\"elementor-element elementor-element-af97e78 e-con-full e-flex e-con e-child\" data-id=\"af97e78\" data-element_type=\"container\">\n\t\t\t\t<div class=\"elementor-element elementor-element-4698b96 elementor-widget elementor-widget-image\" data-id=\"4698b96\" data-element_type=\"widget\" data-widget_type=\"image.default\">\n\t\t\t\t<div class=\"elementor-widget-container\">\n\t\t\t\t\t\t\t\t\t\t\t\t\t<img decoding=\"async\" width=\"800\" height=\"1000\" src=\"https:\/\/renderme.pt\/wp-content\/uploads\/2024\/09\/EXTERNA02-copiar-819x1024.jpg\" class=\"attachment-large size-large wp-image-2652\" alt=\"\" srcset=\"https:\/\/renderme.pt\/wp-content\/uploads\/2024\/09\/EXTERNA02-copiar-819x1024.jpg 819w, https:\/\/renderme.pt\/wp-content\/uploads\/2024\/09\/EXTERNA02-copiar-240x300.jpg 240w, https:\/\/renderme.pt\/wp-content\/uploads\/2024\/09\/EXTERNA02-copiar-768x960.jpg 768w, https:\/\/renderme.pt\/wp-content\/uploads\/2024\/09\/EXTERNA02-copiar.jpg 1200w\" sizes=\"(max-width: 800px) 100vw, 800px\" \/>\t\t\t\t\t\t\t\t\t\t\t\t\t<\/div>\n\t\t\t\t<\/div>\n\t\t\t\t<\/div>\n\t\t<div class=\"elementor-element elementor-element-410ad68 e-con-full e-flex e-con e-child\" data-id=\"410ad68\" data-element_type=\"container\">\n\t\t\t\t<div class=\"elementor-element elementor-element-a971c11 elementor-widget elementor-widget-image\" data-id=\"a971c11\" data-element_type=\"widget\" data-widget_type=\"image.default\">\n\t\t\t\t<div class=\"elementor-widget-container\">\n\t\t\t\t\t\t\t\t\t\t\t\t\t<img decoding=\"async\" width=\"800\" height=\"1000\" src=\"https:\/\/renderme.pt\/wp-content\/uploads\/2024\/09\/EXTERNA03-819x1024.jpg\" class=\"attachment-large size-large wp-image-2653\" alt=\"\" srcset=\"https:\/\/renderme.pt\/wp-content\/uploads\/2024\/09\/EXTERNA03-819x1024.jpg 819w, https:\/\/renderme.pt\/wp-content\/uploads\/2024\/09\/EXTERNA03-240x300.jpg 240w, https:\/\/renderme.pt\/wp-content\/uploads\/2024\/09\/EXTERNA03-768x960.jpg 768w, https:\/\/renderme.pt\/wp-content\/uploads\/2024\/09\/EXTERNA03.jpg 1200w\" sizes=\"(max-width: 800px) 100vw, 800px\" \/>\t\t\t\t\t\t\t\t\t\t\t\t\t<\/div>\n\t\t\t\t<\/div>\n\t\t\t\t<\/div>\n\t\t\t\t\t<\/div>\n\t\t\t\t<\/div>\n\t\t<div class=\"elementor-element elementor-element-4d9dfa6 e-con-full e-flex e-con e-parent\" data-id=\"4d9dfa6\" data-element_type=\"container\">\n\t\t\t\t<div class=\"elementor-element elementor-element-f4c057e elementor-widget elementor-widget-image\" data-id=\"f4c057e\" data-element_type=\"widget\" data-widget_type=\"image.default\">\n\t\t\t\t<div class=\"elementor-widget-container\">\n\t\t\t\t\t\t\t\t\t\t\t\t\t<img loading=\"lazy\" decoding=\"async\" width=\"1500\" height=\"844\" src=\"https:\/\/renderme.pt\/wp-content\/uploads\/2024\/09\/COZINHA-copiar.jpg\" class=\"attachment-full size-full wp-image-2659\" alt=\"\" srcset=\"https:\/\/renderme.pt\/wp-content\/uploads\/2024\/09\/COZINHA-copiar.jpg 1500w, https:\/\/renderme.pt\/wp-content\/uploads\/2024\/09\/COZINHA-copiar-300x169.jpg 300w, https:\/\/renderme.pt\/wp-content\/uploads\/2024\/09\/COZINHA-copiar-1024x576.jpg 1024w, https:\/\/renderme.pt\/wp-content\/uploads\/2024\/09\/COZINHA-copiar-768x432.jpg 768w\" sizes=\"(max-width: 1500px) 100vw, 1500px\" \/>\t\t\t\t\t\t\t\t\t\t\t\t\t<\/div>\n\t\t\t\t<\/div>\n\t\t\t\t<\/div>\n\t\t<div class=\"elementor-element elementor-element-2b3dc36 e-flex e-con-boxed e-con e-parent\" data-id=\"2b3dc36\" data-element_type=\"container\">\n\t\t\t\t\t<div class=\"e-con-inner\">\n\t\t<div class=\"elementor-element elementor-element-58be579 e-con-full e-flex e-con e-child\" data-id=\"58be579\" data-element_type=\"container\">\n\t\t\t\t<div class=\"elementor-element elementor-element-8140e9e elementor-widget elementor-widget-image\" data-id=\"8140e9e\" data-element_type=\"widget\" data-widget_type=\"image.default\">\n\t\t\t\t<div class=\"elementor-widget-container\">\n\t\t\t\t\t\t\t\t\t\t\t\t\t<img loading=\"lazy\" decoding=\"async\" width=\"800\" height=\"1000\" src=\"https:\/\/renderme.pt\/wp-content\/uploads\/2024\/09\/SUITE01_A-copiar-819x1024.jpg\" class=\"attachment-large size-large wp-image-2655\" alt=\"\" srcset=\"https:\/\/renderme.pt\/wp-content\/uploads\/2024\/09\/SUITE01_A-copiar-819x1024.jpg 819w, https:\/\/renderme.pt\/wp-content\/uploads\/2024\/09\/SUITE01_A-copiar-240x300.jpg 240w, https:\/\/renderme.pt\/wp-content\/uploads\/2024\/09\/SUITE01_A-copiar-768x960.jpg 768w, https:\/\/renderme.pt\/wp-content\/uploads\/2024\/09\/SUITE01_A-copiar.jpg 1200w\" sizes=\"(max-width: 800px) 100vw, 800px\" \/>\t\t\t\t\t\t\t\t\t\t\t\t\t<\/div>\n\t\t\t\t<\/div>\n\t\t\t\t<\/div>\n\t\t<div class=\"elementor-element elementor-element-af4df4e e-con-full e-flex e-con e-child\" data-id=\"af4df4e\" data-element_type=\"container\">\n\t\t\t\t<div class=\"elementor-element elementor-element-87125f5 elementor-widget elementor-widget-image\" data-id=\"87125f5\" data-element_type=\"widget\" data-widget_type=\"image.default\">\n\t\t\t\t<div class=\"elementor-widget-container\">\n\t\t\t\t\t\t\t\t\t\t\t\t\t<img loading=\"lazy\" decoding=\"async\" width=\"800\" height=\"1000\" src=\"https:\/\/renderme.pt\/wp-content\/uploads\/2024\/09\/SUITE01_B-copiar-819x1024.jpg\" class=\"attachment-large size-large wp-image-2656\" alt=\"\" srcset=\"https:\/\/renderme.pt\/wp-content\/uploads\/2024\/09\/SUITE01_B-copiar-819x1024.jpg 819w, https:\/\/renderme.pt\/wp-content\/uploads\/2024\/09\/SUITE01_B-copiar-240x300.jpg 240w, https:\/\/renderme.pt\/wp-content\/uploads\/2024\/09\/SUITE01_B-copiar-768x960.jpg 768w, https:\/\/renderme.pt\/wp-content\/uploads\/2024\/09\/SUITE01_B-copiar.jpg 1200w\" sizes=\"(max-width: 800px) 100vw, 800px\" \/>\t\t\t\t\t\t\t\t\t\t\t\t\t<\/div>\n\t\t\t\t<\/div>\n\t\t\t\t<\/div>\n\t\t\t\t\t<\/div>\n\t\t\t\t<\/div>\n\t\t<div class=\"elementor-element elementor-element-eff2833 e-flex e-con-boxed e-con e-parent\" data-id=\"eff2833\" data-element_type=\"container\">\n\t\t\t\t\t<div class=\"e-con-inner\">\n\t\t<div class=\"elementor-element elementor-element-3a20487 e-con-full e-flex e-con e-child\" data-id=\"3a20487\" data-element_type=\"container\">\n\t\t\t\t<div class=\"elementor-element elementor-element-95c9a28 elementor-widget elementor-widget-image\" data-id=\"95c9a28\" data-element_type=\"widget\" data-widget_type=\"image.default\">\n\t\t\t\t<div class=\"elementor-widget-container\">\n\t\t\t\t\t\t\t\t\t\t\t\t\t<img loading=\"lazy\" decoding=\"async\" width=\"800\" height=\"1000\" src=\"https:\/\/renderme.pt\/wp-content\/uploads\/2024\/09\/SALA02-copiar-819x1024.jpg\" class=\"attachment-large size-large wp-image-2657\" alt=\"\" srcset=\"https:\/\/renderme.pt\/wp-content\/uploads\/2024\/09\/SALA02-copiar-819x1024.jpg 819w, https:\/\/renderme.pt\/wp-content\/uploads\/2024\/09\/SALA02-copiar-240x300.jpg 240w, https:\/\/renderme.pt\/wp-content\/uploads\/2024\/09\/SALA02-copiar-768x960.jpg 768w, https:\/\/renderme.pt\/wp-content\/uploads\/2024\/09\/SALA02-copiar.jpg 1200w\" sizes=\"(max-width: 800px) 100vw, 800px\" \/>\t\t\t\t\t\t\t\t\t\t\t\t\t<\/div>\n\t\t\t\t<\/div>\n\t\t\t\t<\/div>\n\t\t<div class=\"elementor-element elementor-element-e7f0229 e-con-full e-flex e-con e-child\" data-id=\"e7f0229\" data-element_type=\"container\">\n\t\t\t\t<div class=\"elementor-element elementor-element-2ec62cb elementor-widget elementor-widget-image\" data-id=\"2ec62cb\" data-element_type=\"widget\" data-widget_type=\"image.default\">\n\t\t\t\t<div class=\"elementor-widget-container\">\n\t\t\t\t\t\t\t\t\t\t\t\t\t<img loading=\"lazy\" decoding=\"async\" width=\"800\" height=\"1000\" src=\"https:\/\/renderme.pt\/wp-content\/uploads\/2024\/09\/SALA01-copiar-819x1024.jpg\" class=\"attachment-large size-large wp-image-2658\" alt=\"\" srcset=\"https:\/\/renderme.pt\/wp-content\/uploads\/2024\/09\/SALA01-copiar-819x1024.jpg 819w, https:\/\/renderme.pt\/wp-content\/uploads\/2024\/09\/SALA01-copiar-240x300.jpg 240w, https:\/\/renderme.pt\/wp-content\/uploads\/2024\/09\/SALA01-copiar-768x960.jpg 768w, https:\/\/renderme.pt\/wp-content\/uploads\/2024\/09\/SALA01-copiar.jpg 1200w\" sizes=\"(max-width: 800px) 100vw, 800px\" \/>\t\t\t\t\t\t\t\t\t\t\t\t\t<\/div>\n\t\t\t\t<\/div>\n\t\t\t\t<\/div>\n\t\t\t\t\t<\/div>\n\t\t\t\t<\/div>\n\t\t\t\t<\/div>\n\t\t","protected":false},"excerpt":{"rendered":"<p>PROJET Condominium r\u00e9sidentiel SERVICE Images en 3D LIEU \/ ANN\u00c9E Alpendorada, Portugal, 2023 ARCHITECTURE Bruno COSVI Architecture ARCHITECTURE Architecture ACO Notre mission Cr\u00e9er des images 3D pour le projet de r\u00e9novation d&rsquo;une ancienne maison dans la pittoresque r\u00e9gion du Douro, au Portugal, a \u00e9t\u00e9 un voyage visant \u00e0 harmoniser le pass\u00e9 et le pr\u00e9sent. En [&hellip;]<\/p>\n","protected":false},"author":1,"featured_media":0,"parent":0,"menu_order":0,"comment_status":"closed","ping_status":"closed","template":"","meta":{"footnotes":""},"class_list":["post-3045","page","type-page","status-publish","hentry"],"_links":{"self":[{"href":"https:\/\/renderme.pt\/fr\/wp-json\/wp\/v2\/pages\/3045","targetHints":{"allow":["GET"]}}],"collection":[{"href":"https:\/\/renderme.pt\/fr\/wp-json\/wp\/v2\/pages"}],"about":[{"href":"https:\/\/renderme.pt\/fr\/wp-json\/wp\/v2\/types\/page"}],"author":[{"embeddable":true,"href":"https:\/\/renderme.pt\/fr\/wp-json\/wp\/v2\/users\/1"}],"replies":[{"embeddable":true,"href":"https:\/\/renderme.pt\/fr\/wp-json\/wp\/v2\/comments?post=3045"}],"version-history":[{"count":5,"href":"https:\/\/renderme.pt\/fr\/wp-json\/wp\/v2\/pages\/3045\/revisions"}],"predecessor-version":[{"id":3286,"href":"https:\/\/renderme.pt\/fr\/wp-json\/wp\/v2\/pages\/3045\/revisions\/3286"}],"wp:attachment":[{"href":"https:\/\/renderme.pt\/fr\/wp-json\/wp\/v2\/media?parent=3045"}],"curies":[{"name":"wp","href":"https:\/\/api.w.org\/{rel}","templated":true}]}}